{"id":1044,"date":"2023-09-11T14:49:23","date_gmt":"2023-09-11T14:49:23","guid":{"rendered":"https:\/\/www.leca2510.odns.fr\/?page_id=1044"},"modified":"2023-09-11T14:56:49","modified_gmt":"2023-09-11T14:56:49","slug":"grau-du-rois-aigues-morte","status":"publish","type":"page","link":"https:\/\/camping-garanel.fr\/de\/grau-du-rois-aigues-morte\/","title":{"rendered":"Grau du rois &#038; Aigues morte"},"content":{"rendered":"\t\t<div data-elementor-type=\"wp-page\" data-elementor-id=\"1044\" class=\"elementor elementor-1044\" data-elementor-post-type=\"page\">\n\t\t\t\t<div class=\"elementor-element elementor-element-2a2656d e-flex e-con-boxed e-con e-parent\" data-id=\"2a2656d\" data-element_type=\"container\" data-e-type=\"container\" data-settings=\"{&quot;background_background&quot;:&quot;slideshow&quot;,&quot;background_slideshow_gallery&quot;:[{&quot;id&quot;:938,&quot;url&quot;:&quot;https:\\\/\\\/camping-garanel.fr\\\/wp-content\\\/uploads\\\/2023\\\/09\\\/AdobeStock_325658515-scaled.jpeg&quot;},{&quot;id&quot;:945,&quot;url&quot;:&quot;https:\\\/\\\/camping-garanel.fr\\\/wp-content\\\/uploads\\\/2023\\\/09\\\/AdobeStock_546304078-scaled.jpeg&quot;}],&quot;shape_divider_bottom&quot;:&quot;mountains&quot;,&quot;background_slideshow_loop&quot;:&quot;yes&quot;,&quot;background_slideshow_slide_duration&quot;:5000,&quot;background_slideshow_slide_transition&quot;:&quot;fade&quot;,&quot;background_slideshow_transition_duration&quot;:500}\">\n\t\t\t\t\t<div class=\"e-con-inner\">\n\t\t\t\t<div class=\"elementor-shape elementor-shape-bottom\" aria-hidden=\"true\" data-negative=\"false\">\n\t\t\t<svg xmlns=\"http:\/\/www.w3.org\/2000\/svg\" viewBox=\"0 0 1000 100\" preserveAspectRatio=\"none\">\n\t<path class=\"elementor-shape-fill\" opacity=\"0.33\" d=\"M473,67.3c-203.9,88.3-263.1-34-320.3,0C66,119.1,0,59.7,0,59.7V0h1000v59.7 c0,0-62.1,26.1-94.9,29.3c-32.8,3.3-62.8-12.3-75.8-22.1C806,49.6,745.3,8.7,694.9,4.7S492.4,59,473,67.3z\"\/>\n\t<path class=\"elementor-shape-fill\" opacity=\"0.66\" d=\"M734,67.3c-45.5,0-77.2-23.2-129.1-39.1c-28.6-8.7-150.3-10.1-254,39.1 s-91.7-34.4-149.2,0C115.7,118.3,0,39.8,0,39.8V0h1000v36.5c0,0-28.2-18.5-92.1-18.5C810.2,18.1,775.7,67.3,734,67.3z\"\/>\n\t<path class=\"elementor-shape-fill\" d=\"M766.1,28.9c-200-57.5-266,65.5-395.1,19.5C242,1.8,242,5.4,184.8,20.6C128,35.8,132.3,44.9,89.9,52.5C28.6,63.7,0,0,0,0 h1000c0,0-9.9,40.9-83.6,48.1S829.6,47,766.1,28.9z\"\/>\n<\/svg>\t\t<\/div>\n\t\t\t\t\t<\/div>\n\t\t\t\t<\/div>\n\t\t<div class=\"elementor-element elementor-element-3fcaad2 e-flex e-con-boxed e-con e-parent\" data-id=\"3fcaad2\" data-element_type=\"container\" data-e-type=\"container\">\n\t\t\t\t\t<div class=\"e-con-inner\">\n\t\t\t\t<div class=\"elementor-element elementor-element-564f409 elementor-widget elementor-widget-heading\" data-id=\"564f409\" data-element_type=\"widget\" data-e-type=\"widget\" data-widget_type=\"heading.default\">\n\t\t\t\t<div class=\"elementor-widget-container\">\n\t\t\t\t\t<h2 class=\"elementor-heading-title elementor-size-default\">Le Grau du Roi &amp; Port Camargue<\/h2>\t\t\t\t<\/div>\n\t\t\t\t<\/div>\n\t\t\t\t<div class=\"elementor-element elementor-element-f59d509 elementor-widget elementor-widget-text-editor\" data-id=\"f59d509\" data-element_type=\"widget\" data-e-type=\"widget\" data-widget_type=\"text-editor.default\">\n\t\t\t\t<div class=\"elementor-widget-container\">\n\t\t\t\t\t\t\t\t\t<div class=\"flex flex-grow flex-col gap-3 max-w-full\"><div class=\"min-h-[20px] flex flex-col items-start gap-3 overflow-x-auto whitespace-pre-wrap break-words\"><div class=\"markdown prose w-full break-words dark:prose-invert light\"><p>Grau-du-Roi et Port Camargue, deux joyaux en bord de mer. Grau-du-Roi, station baln\u00e9aire m\u00e9diterran\u00e9enne, offre des plages de sable fin et une atmosph\u00e8re d\u00e9tendue. \u00c0 quelques pas, Port Camargue est l&rsquo;un des plus grands ports de plaisance d&rsquo;Europe, o\u00f9 les amoureux de la navigation trouvent leur paradis. D\u00e9couvrez la beaut\u00e9 de la M\u00e9diterran\u00e9e, la culture locale, et l&rsquo;authenticit\u00e9 de la Camargue dans ce coin de paradis.<\/p><\/div><\/div><\/div>\t\t\t\t\t\t\t\t<\/div>\n\t\t\t\t<\/div>\n\t\t\t\t<div class=\"elementor-element elementor-element-824a822 elementor-widget elementor-widget-heading\" data-id=\"824a822\" data-element_type=\"widget\" data-e-type=\"widget\" data-widget_type=\"heading.default\">\n\t\t\t\t<div class=\"elementor-widget-container\">\n\t\t\t\t\t<h2 class=\"elementor-heading-title elementor-size-default\">D\u00e9couvrir les stations Baln\u00e9aires<\/h2>\t\t\t\t<\/div>\n\t\t\t\t<\/div>\n\t\t\t\t<div class=\"elementor-element elementor-element-f743c55 elementor-widget elementor-widget-text-editor\" data-id=\"f743c55\" data-element_type=\"widget\" data-e-type=\"widget\" data-widget_type=\"text-editor.default\">\n\t\t\t\t<div class=\"elementor-widget-container\">\n\t\t\t\t\t\t\t\t\t<p><strong>Le Phare de l&rsquo;Espiguette<\/strong> : Ce phare, situ\u00e9 \u00e0 proximit\u00e9 du Grau-du-Roi, est un point de rep\u00e8re embl\u00e9matique. Il a \u00e9t\u00e9 construit au 19e si\u00e8cle et est toujours en activit\u00e9. Vous pouvez l&rsquo;admirer depuis la plage ou m\u00eame le visiter lors de certaines p\u00e9riodes de l&rsquo;ann\u00e9e.<\/p><p><strong>Le Quartier des P\u00eacheurs<\/strong> : Le vieux quartier des p\u00eacheurs, avec ses ruelles \u00e9troites et ses maisons traditionnelles, t\u00e9moigne de l&rsquo;histoire maritime de la ville. C&rsquo;est un endroit charmant pour se promener et ressentir l&rsquo;authenticit\u00e9 de la r\u00e9gion.<\/p><p><strong>Le Pont Tournant<\/strong> : Ce pont tournant, \u00e9galement connu sous le nom de \u00ab\u00a0Pont de l&rsquo;Or\u00e9e du Bois\u00a0\u00bb, est un exemple d&rsquo;ing\u00e9nierie qui remonte aux ann\u00e9es 1920. Il est toujours en activit\u00e9 et relie le Grau-du-Roi \u00e0 Port Camargue.<\/p><p><strong>Le Seaquarium<\/strong> : Bien qu&rsquo;il ne soit pas historique au sens traditionnel, le Seaquarium est une attraction qui offre un aper\u00e7u fascinant de la vie marine de la r\u00e9gion et de son histoire maritime.<\/p>\t\t\t\t\t\t\t\t<\/div>\n\t\t\t\t<\/div>\n\t\t\t\t\t<\/div>\n\t\t\t\t<\/div>\n\t\t\t\t<\/div>\n\t\t","protected":false},"excerpt":{"rendered":"<p>Le Grau du Roi &#038; Port Camargue Grau-du-Roi et Port Camargue, deux joyaux en bord de mer. Grau-du-Roi, station baln\u00e9aire m\u00e9diterran\u00e9enne, offre des plages de sable fin et une atmosph\u00e8re d\u00e9tendue. \u00c0 quelques pas, Port Camargue est l&rsquo;un des plus grands ports de plaisance d&rsquo;Europe, o\u00f9 les amoureux de la navigation trouvent leur paradis. D\u00e9couvrez [&hellip;]<\/p>\n","protected":false},"author":4,"featured_media":0,"parent":0,"menu_order":0,"comment_status":"closed","ping_status":"closed","template":"","meta":{"footnotes":""},"class_list":["post-1044","page","type-page","status-publish","hentry","travel-monster-post","no-post-thumbnail","latest_post"],"yoast_head":"<!-- This site is optimized with the Yoast SEO plugin v27.6 - https:\/\/yoast.com\/product\/yoast-seo-wordpress\/ -->\n<title>Grau du rois &amp; Aigues morte - Camping le Garanel ***<\/title>\n<meta name=\"robots\" content=\"index, follow, max-snippet:-1, max-image-preview:large, max-video-preview:-1\" \/>\n<link rel=\"canonical\" href=\"https:\/\/camping-garanel.fr\/de\/grau-du-rois-aigues-morte\/\" \/>\n<meta property=\"og:locale\" content=\"de_DE\" \/>\n<meta property=\"og:type\" content=\"article\" \/>\n<meta property=\"og:title\" content=\"Grau du rois &amp; Aigues morte - Camping le Garanel ***\" \/>\n<meta property=\"og:description\" content=\"Le Grau du Roi &#038; Port Camargue Grau-du-Roi et Port Camargue, deux joyaux en bord de mer. Grau-du-Roi, station baln\u00e9aire m\u00e9diterran\u00e9enne, offre des plages de sable fin et une atmosph\u00e8re d\u00e9tendue. \u00c0 quelques pas, Port Camargue est l&rsquo;un des plus grands ports de plaisance d&rsquo;Europe, o\u00f9 les amoureux de la navigation trouvent leur paradis. D\u00e9couvrez [&hellip;]\" \/>\n<meta property=\"og:url\" content=\"https:\/\/camping-garanel.fr\/de\/grau-du-rois-aigues-morte\/\" \/>\n<meta property=\"og:site_name\" content=\"Camping le Garanel ***\" \/>\n<meta property=\"article:publisher\" content=\"https:\/\/www.facebook.com\/Campinglegaranel\/\" \/>\n<meta property=\"article:modified_time\" content=\"2023-09-11T14:56:49+00:00\" \/>\n<meta name=\"twitter:card\" content=\"summary_large_image\" \/>\n<meta name=\"twitter:label1\" content=\"Gesch\u00e4tzte Lesezeit\" \/>\n\t<meta name=\"twitter:data1\" content=\"1\u00a0Minute\" \/>\n<script type=\"application\/ld+json\" class=\"yoast-schema-graph\">{\"@context\":\"https:\\\/\\\/schema.org\",\"@graph\":[{\"@type\":\"WebPage\",\"@id\":\"https:\\\/\\\/camping-garanel.fr\\\/grau-du-rois-aigues-morte\\\/\",\"url\":\"https:\\\/\\\/camping-garanel.fr\\\/grau-du-rois-aigues-morte\\\/\",\"name\":\"Grau du rois & Aigues morte - Camping le Garanel ***\",\"isPartOf\":{\"@id\":\"https:\\\/\\\/camping-garanel.fr\\\/#website\"},\"datePublished\":\"2023-09-11T14:49:23+00:00\",\"dateModified\":\"2023-09-11T14:56:49+00:00\",\"breadcrumb\":{\"@id\":\"https:\\\/\\\/camping-garanel.fr\\\/grau-du-rois-aigues-morte\\\/#breadcrumb\"},\"inLanguage\":\"de\",\"potentialAction\":[{\"@type\":\"ReadAction\",\"target\":[\"https:\\\/\\\/camping-garanel.fr\\\/grau-du-rois-aigues-morte\\\/\"]}]},{\"@type\":\"BreadcrumbList\",\"@id\":\"https:\\\/\\\/camping-garanel.fr\\\/grau-du-rois-aigues-morte\\\/#breadcrumb\",\"itemListElement\":[{\"@type\":\"ListItem\",\"position\":1,\"name\":\"Accueil\",\"item\":\"https:\\\/\\\/camping-garanel.fr\\\/\"},{\"@type\":\"ListItem\",\"position\":2,\"name\":\"Grau du rois &#038; Aigues morte\"}]},{\"@type\":\"WebSite\",\"@id\":\"https:\\\/\\\/camping-garanel.fr\\\/#website\",\"url\":\"https:\\\/\\\/camping-garanel.fr\\\/\",\"name\":\"Camping le Garanel\",\"description\":\"Partez en camping 3 \u00e9toiles \u00e0 Sommi\u00e8res dans le Gard. Venez d\u00e9couvrir oasis de verdure \u00e0 quelques pas  du centre ville entre N\u00eemes et Montpellier\",\"publisher\":{\"@id\":\"https:\\\/\\\/camping-garanel.fr\\\/#organization\"},\"potentialAction\":[{\"@type\":\"SearchAction\",\"target\":{\"@type\":\"EntryPoint\",\"urlTemplate\":\"https:\\\/\\\/camping-garanel.fr\\\/?s={search_term_string}\"},\"query-input\":{\"@type\":\"PropertyValueSpecification\",\"valueRequired\":true,\"valueName\":\"search_term_string\"}}],\"inLanguage\":\"de\"},{\"@type\":\"Organization\",\"@id\":\"https:\\\/\\\/camping-garanel.fr\\\/#organization\",\"name\":\"Camping le Garanel\",\"url\":\"https:\\\/\\\/camping-garanel.fr\\\/\",\"logo\":{\"@type\":\"ImageObject\",\"inLanguage\":\"de\",\"@id\":\"https:\\\/\\\/camping-garanel.fr\\\/#\\\/schema\\\/logo\\\/image\\\/\",\"url\":\"https:\\\/\\\/camping-garanel.fr\\\/wp-content\\\/uploads\\\/2023\\\/08\\\/LOGO-3-ETOILES.jpg\",\"contentUrl\":\"https:\\\/\\\/camping-garanel.fr\\\/wp-content\\\/uploads\\\/2023\\\/08\\\/LOGO-3-ETOILES.jpg\",\"width\":1125,\"height\":855,\"caption\":\"Camping le Garanel\"},\"image\":{\"@id\":\"https:\\\/\\\/camping-garanel.fr\\\/#\\\/schema\\\/logo\\\/image\\\/\"},\"sameAs\":[\"https:\\\/\\\/www.facebook.com\\\/Campinglegaranel\\\/\"]}]}<\/script>\n<!-- \/ Yoast SEO plugin. -->","yoast_head_json":{"title":"Grau du rois & Aigues morte - Camping le Garanel ***","robots":{"index":"index","follow":"follow","max-snippet":"max-snippet:-1","max-image-preview":"max-image-preview:large","max-video-preview":"max-video-preview:-1"},"canonical":"https:\/\/camping-garanel.fr\/de\/grau-du-rois-aigues-morte\/","og_locale":"de_DE","og_type":"article","og_title":"Grau du rois & Aigues morte - Camping le Garanel ***","og_description":"Le Grau du Roi &#038; Port Camargue Grau-du-Roi et Port Camargue, deux joyaux en bord de mer. Grau-du-Roi, station baln\u00e9aire m\u00e9diterran\u00e9enne, offre des plages de sable fin et une atmosph\u00e8re d\u00e9tendue. \u00c0 quelques pas, Port Camargue est l&rsquo;un des plus grands ports de plaisance d&rsquo;Europe, o\u00f9 les amoureux de la navigation trouvent leur paradis. D\u00e9couvrez [&hellip;]","og_url":"https:\/\/camping-garanel.fr\/de\/grau-du-rois-aigues-morte\/","og_site_name":"Camping le Garanel ***","article_publisher":"https:\/\/www.facebook.com\/Campinglegaranel\/","article_modified_time":"2023-09-11T14:56:49+00:00","twitter_card":"summary_large_image","twitter_misc":{"Gesch\u00e4tzte Lesezeit":"1\u00a0Minute"},"schema":{"@context":"https:\/\/schema.org","@graph":[{"@type":"WebPage","@id":"https:\/\/camping-garanel.fr\/grau-du-rois-aigues-morte\/","url":"https:\/\/camping-garanel.fr\/grau-du-rois-aigues-morte\/","name":"Grau du rois & Aigues morte - Camping le Garanel ***","isPartOf":{"@id":"https:\/\/camping-garanel.fr\/#website"},"datePublished":"2023-09-11T14:49:23+00:00","dateModified":"2023-09-11T14:56:49+00:00","breadcrumb":{"@id":"https:\/\/camping-garanel.fr\/grau-du-rois-aigues-morte\/#breadcrumb"},"inLanguage":"de","potentialAction":[{"@type":"ReadAction","target":["https:\/\/camping-garanel.fr\/grau-du-rois-aigues-morte\/"]}]},{"@type":"BreadcrumbList","@id":"https:\/\/camping-garanel.fr\/grau-du-rois-aigues-morte\/#breadcrumb","itemListElement":[{"@type":"ListItem","position":1,"name":"Accueil","item":"https:\/\/camping-garanel.fr\/"},{"@type":"ListItem","position":2,"name":"Grau du rois &#038; Aigues morte"}]},{"@type":"WebSite","@id":"https:\/\/camping-garanel.fr\/#website","url":"https:\/\/camping-garanel.fr\/","name":"Camping le Garanel","description":"Partez en camping 3 \u00e9toiles \u00e0 Sommi\u00e8res dans le Gard. Venez d\u00e9couvrir oasis de verdure \u00e0 quelques pas  du centre ville entre N\u00eemes et Montpellier","publisher":{"@id":"https:\/\/camping-garanel.fr\/#organization"},"potentialAction":[{"@type":"SearchAction","target":{"@type":"EntryPoint","urlTemplate":"https:\/\/camping-garanel.fr\/?s={search_term_string}"},"query-input":{"@type":"PropertyValueSpecification","valueRequired":true,"valueName":"search_term_string"}}],"inLanguage":"de"},{"@type":"Organization","@id":"https:\/\/camping-garanel.fr\/#organization","name":"Camping le Garanel","url":"https:\/\/camping-garanel.fr\/","logo":{"@type":"ImageObject","inLanguage":"de","@id":"https:\/\/camping-garanel.fr\/#\/schema\/logo\/image\/","url":"https:\/\/camping-garanel.fr\/wp-content\/uploads\/2023\/08\/LOGO-3-ETOILES.jpg","contentUrl":"https:\/\/camping-garanel.fr\/wp-content\/uploads\/2023\/08\/LOGO-3-ETOILES.jpg","width":1125,"height":855,"caption":"Camping le Garanel"},"image":{"@id":"https:\/\/camping-garanel.fr\/#\/schema\/logo\/image\/"},"sameAs":["https:\/\/www.facebook.com\/Campinglegaranel\/"]}]}},"_links":{"self":[{"href":"https:\/\/camping-garanel.fr\/de\/wp-json\/wp\/v2\/pages\/1044","targetHints":{"allow":["GET"]}}],"collection":[{"href":"https:\/\/camping-garanel.fr\/de\/wp-json\/wp\/v2\/pages"}],"about":[{"href":"https:\/\/camping-garanel.fr\/de\/wp-json\/wp\/v2\/types\/page"}],"author":[{"embeddable":true,"href":"https:\/\/camping-garanel.fr\/de\/wp-json\/wp\/v2\/users\/4"}],"replies":[{"embeddable":true,"href":"https:\/\/camping-garanel.fr\/de\/wp-json\/wp\/v2\/comments?post=1044"}],"version-history":[{"count":0,"href":"https:\/\/camping-garanel.fr\/de\/wp-json\/wp\/v2\/pages\/1044\/revisions"}],"wp:attachment":[{"href":"https:\/\/camping-garanel.fr\/de\/wp-json\/wp\/v2\/media?parent=1044"}],"curies":[{"name":"wp","href":"https:\/\/api.w.org\/{rel}","templated":true}]}}