{"id":1887,"date":"2023-12-05T18:34:49","date_gmt":"2023-12-05T18:34:49","guid":{"rendered":"https:\/\/camping-garanel.fr\/?page_id=1887"},"modified":"2023-12-05T18:38:03","modified_gmt":"2023-12-05T18:38:03","slug":"marche-et-brocante","status":"publish","type":"page","link":"https:\/\/camping-garanel.fr\/de\/marche-et-brocante\/","title":{"rendered":"march\u00e9 et brocante"},"content":{"rendered":"<div data-elementor-type=\"wp-page\" data-elementor-id=\"1887\" class=\"elementor elementor-1887\" data-elementor-post-type=\"page\">\n\t\t\t\t<div class=\"elementor-element elementor-element-841ed91 e-flex e-con-boxed e-con e-parent\" data-id=\"841ed91\" data-element_type=\"container\" data-e-type=\"container\" data-settings=\"{&quot;background_background&quot;:&quot;classic&quot;,&quot;shape_divider_bottom&quot;:&quot;mountains&quot;}\">\n\t\t\t\t\t<div class=\"e-con-inner\">\n\t\t\t\t<div class=\"elementor-shape elementor-shape-bottom\" aria-hidden=\"true\" data-negative=\"false\">\n\t\t\t<svg xmlns=\"http:\/\/www.w3.org\/2000\/svg\" viewbox=\"0 0 1000 100\" preserveaspectratio=\"none\">\n\t<path class=\"elementor-shape-fill\" opacity=\"0.33\" d=\"M473,67.3c-203.9,88.3-263.1-34-320.3,0C66,119.1,0,59.7,0,59.7V0h1000v59.7 c0,0-62.1,26.1-94.9,29.3c-32.8,3.3-62.8-12.3-75.8-22.1C806,49.6,745.3,8.7,694.9,4.7S492.4,59,473,67.3z\"\/>\n\t<path class=\"elementor-shape-fill\" opacity=\"0.66\" d=\"M734,67.3c-45.5,0-77.2-23.2-129.1-39.1c-28.6-8.7-150.3-10.1-254,39.1 s-91.7-34.4-149.2,0C115.7,118.3,0,39.8,0,39.8V0h1000v36.5c0,0-28.2-18.5-92.1-18.5C810.2,18.1,775.7,67.3,734,67.3z\"\/>\n\t<path class=\"elementor-shape-fill\" d=\"M766.1,28.9c-200-57.5-266,65.5-395.1,19.5C242,1.8,242,5.4,184.8,20.6C128,35.8,132.3,44.9,89.9,52.5C28.6,63.7,0,0,0,0 h1000c0,0-9.9,40.9-83.6,48.1S829.6,47,766.1,28.9z\"\/>\n<\/svg>\t\t<\/div>\n\t\t\t\t\t<\/div>\n\t\t\t\t<\/div>\n\t\t<div class=\"elementor-element elementor-element-e4239c0 e-flex e-con-boxed e-con e-parent\" data-id=\"e4239c0\" data-element_type=\"container\" data-e-type=\"container\">\n\t\t\t\t\t<div class=\"e-con-inner\">\n\t\t\t\t<div class=\"elementor-element elementor-element-630ff6e elementor-widget elementor-widget-heading\" data-id=\"630ff6e\" data-element_type=\"widget\" data-e-type=\"widget\" data-widget_type=\"heading.default\">\n\t\t\t\t<div class=\"elementor-widget-container\">\n\t\t\t\t\t<h2 class=\"elementor-heading-title elementor-size-default\">MARCH\u00c9 ET BROCANTE<\/h2>\t\t\t\t<\/div>\n\t\t\t\t<\/div>\n\t\t\t\t\t<\/div>\n\t\t\t\t<\/div>\n\t\t<div class=\"elementor-element elementor-element-dc3aef3 e-flex e-con-boxed e-con e-parent\" data-id=\"dc3aef3\" data-element_type=\"container\" data-e-type=\"container\">\n\t\t\t\t\t<div class=\"e-con-inner\">\n\t\t\t\t<div class=\"elementor-element elementor-element-6b827d0 elementor-widget elementor-widget-text-editor\" data-id=\"6b827d0\" data-element_type=\"widget\" data-e-type=\"widget\" data-widget_type=\"text-editor.default\">\n\t\t\t\t<div class=\"elementor-widget-container\">\n\t\t\t\t\t\t\t\t\t<p>Vous avez d\u00e9j\u00e0 entendu parler du traditionnel March\u00e9 de Sommi\u00e8res\u00a0? Vous \u00eates venus pour lui\u00a0? Le Camping le Garanel se trouve \u00e0 seulement 200 m\u00e8tres de celui-ci ! Il se tient tout les samedis matin, \u00e9t\u00e9 comme hiver, du c\u00f4t\u00e9 de la cit\u00e9 m\u00e9di\u00e9vale.<\/p><p>Le March\u00e9 de Sommi\u00e8res, c\u2019est lieu privil\u00e9gi\u00e9 ou se m\u00ealent joyeusement locaux et touristes. Vous y trouverez des produits en circuit court, sp\u00e9cialit\u00e9s locales et toutes sortes de mar\u00adchandises expos\u00e9es dans un magique m\u00e9lange. Achetez des produits frais et installez-vous sur une terrasse de caf\u00e9 pour les d\u00e9guster avec un verre de vin local ! Rien de tel pour se sentir un vrai Sommi\u00e9rois !<\/p><p>Ce qui le rend unique, c\u2019est qu\u2019en plus du traditionnel march\u00e9, se tient l\u2019incontournable brocante\u00a0! A seulement quelques pas du Camping, sur l\u2019Esplandade, vous pourrez chiner pour trouver des objets rares ou tout simplement fl\u00e2ner au milieu des all\u00e9es remplies d\u2019objets anciens, insolites et intriguant.<\/p><p>\u00a0<\/p>\t\t\t\t\t\t\t\t<\/div>\n\t\t\t\t<\/div>\n\t\t\t\t\t<\/div>\n\t\t\t\t<\/div>\n\t\t<div class=\"elementor-element elementor-element-142b682 e-flex e-con-boxed e-con e-parent\" data-id=\"142b682\" data-element_type=\"container\" data-e-type=\"container\">\n\t\t\t\t\t<div class=\"e-con-inner\">\n\t\t\t\t<div class=\"elementor-element elementor-element-4a875a6 elementor-widget elementor-widget-heading\" data-id=\"4a875a6\" data-element_type=\"widget\" data-e-type=\"widget\" data-widget_type=\"heading.default\">\n\t\t\t\t<div class=\"elementor-widget-container\">\n\t\t\t\t\t<h2 class=\"elementor-heading-title elementor-size-default\">MARCHE NOCTURNE ESTIVAL<\/h2>\t\t\t\t<\/div>\n\t\t\t\t<\/div>\n\t\t\t\t\t<\/div>\n\t\t\t\t<\/div>\n\t\t<div class=\"elementor-element elementor-element-cdd5dbc e-flex e-con-boxed e-con e-parent\" data-id=\"cdd5dbc\" data-element_type=\"container\" data-e-type=\"container\">\n\t\t\t\t\t<div class=\"e-con-inner\">\n\t\t\t\t<div class=\"elementor-element elementor-element-1fb56e5 elementor-widget elementor-widget-text-editor\" data-id=\"1fb56e5\" data-element_type=\"widget\" data-e-type=\"widget\" data-widget_type=\"text-editor.default\">\n\t\t\t\t<div class=\"elementor-widget-container\">\n\t\t\t\t\t\t\t\t\t<p>Haut en couleur, le march\u00e9 nocturne invite \u00e0 des fl\u00e2neries d\u00e9tendues pour d\u00e9couvrir artisanat et productions locales dans la cit\u00e9 m\u00e9di\u00e9vale. C\u2019est aussi l\u2019occasion de faire les emplettes dans les nombreux commerces qui restent ouverts toute la soir\u00e9e ! Ce march\u00e9 se tient les mercredis de <em><strong>18h \u00e0 23h<\/strong><\/em> en juillet ao\u00fbt<\/p>\t\t\t\t\t\t\t\t<\/div>\n\t\t\t\t<\/div>\n\t\t\t\t\t<\/div>\n\t\t\t\t<\/div>\n\t\t<div class=\"elementor-element elementor-element-b472a69 e-flex e-con-boxed e-con e-parent\" data-id=\"b472a69\" data-element_type=\"container\" data-e-type=\"container\">\n\t\t\t\t\t<div class=\"e-con-inner\">\n\t\t\t\t<div class=\"elementor-element elementor-element-caa66b8 elementor-widget elementor-widget-heading\" data-id=\"caa66b8\" data-element_type=\"widget\" data-e-type=\"widget\" data-widget_type=\"heading.default\">\n\t\t\t\t<div class=\"elementor-widget-container\">\n\t\t\t\t\t<h2 class=\"elementor-heading-title elementor-size-default\">MARCHE AUX ALENTOURS<\/h2>\t\t\t\t<\/div>\n\t\t\t\t<\/div>\n\t\t\t\t\t<\/div>\n\t\t\t\t<\/div>\n\t\t<div class=\"elementor-element elementor-element-3232633 e-flex e-con-boxed e-con e-parent\" data-id=\"3232633\" data-element_type=\"container\" data-e-type=\"container\">\n\t\t\t\t\t<div class=\"e-con-inner\">\n\t\t\t\t<div class=\"elementor-element elementor-element-7eceadd elementor-widget elementor-widget-text-editor\" data-id=\"7eceadd\" data-element_type=\"widget\" data-e-type=\"widget\" data-widget_type=\"text-editor.default\">\n\t\t\t\t<div class=\"elementor-widget-container\">\n\t\t\t\t\t\t\t\t\t<p>\u00a0<\/p><p>&#8211;\u00a0<strong>Calvisson\u00a0<\/strong>: dimanche matin &#8211; place G\u00e9n\u00e9ral de Gaulle<\/p><p>&#8211;\u00a0<strong>Junas\u00a0<\/strong>: mardi matin &#8211; place Avenir<\/p><p><strong>&#8211; Parignargues<\/strong>\u00a0: mercredi matin &#8211; avenue de la Croix<\/p><p><strong>&#8211; Villevieille :<\/strong>\u00a0jeudi en fin d&rsquo;apr\u00e8s-midi &#8211; parking de la mairie<\/p>\t\t\t\t\t\t\t\t<\/div>\n\t\t\t\t<\/div>\n\t\t\t\t\t<\/div>\n\t\t\t\t<\/div>\n\t\t\t\t<\/div>","protected":false},"excerpt":{"rendered":"<p>MARCH\u00c9 ET BROCANTE Vous avez d\u00e9j\u00e0 entendu parler du traditionnel March\u00e9 de Sommi\u00e8res\u00a0? Vous \u00eates venus pour lui\u00a0? Le Camping le Garanel se trouve \u00e0 seulement 200 m\u00e8tres de celui-ci ! Il se tient tout les samedis matin, \u00e9t\u00e9 comme hiver, du c\u00f4t\u00e9 de la cit\u00e9 m\u00e9di\u00e9vale. Le March\u00e9 de Sommi\u00e8res, c\u2019est lieu privil\u00e9gi\u00e9 ou [&hellip;]<\/p>\n","protected":false},"author":4,"featured_media":0,"parent":0,"menu_order":0,"comment_status":"closed","ping_status":"closed","template":"","meta":{"footnotes":""},"class_list":["post-1887","page","type-page","status-publish","hentry","travel-monster-post","no-post-thumbnail","latest_post"],"yoast_head":"<!-- This site is optimized with the Yoast SEO plugin v27.6 - https:\/\/yoast.com\/product\/yoast-seo-wordpress\/ -->\n<title>march\u00e9 et brocante - Camping le Garanel ***<\/title>\n<meta name=\"robots\" content=\"index, follow, max-snippet:-1, max-image-preview:large, max-video-preview:-1\" \/>\n<link rel=\"canonical\" href=\"https:\/\/camping-garanel.fr\/de\/marche-et-brocante\/\" \/>\n<meta property=\"og:locale\" content=\"de_DE\" \/>\n<meta property=\"og:type\" content=\"article\" \/>\n<meta property=\"og:title\" content=\"march\u00e9 et brocante - Camping le Garanel ***\" \/>\n<meta property=\"og:description\" content=\"MARCH\u00c9 ET BROCANTE Vous avez d\u00e9j\u00e0 entendu parler du traditionnel March\u00e9 de Sommi\u00e8res\u00a0? Vous \u00eates venus pour lui\u00a0? Le Camping le Garanel se trouve \u00e0 seulement 200 m\u00e8tres de celui-ci ! Il se tient tout les samedis matin, \u00e9t\u00e9 comme hiver, du c\u00f4t\u00e9 de la cit\u00e9 m\u00e9di\u00e9vale. Le March\u00e9 de Sommi\u00e8res, c\u2019est lieu privil\u00e9gi\u00e9 ou [&hellip;]\" \/>\n<meta property=\"og:url\" content=\"https:\/\/camping-garanel.fr\/de\/marche-et-brocante\/\" \/>\n<meta property=\"og:site_name\" content=\"Camping le Garanel ***\" \/>\n<meta property=\"article:publisher\" content=\"https:\/\/www.facebook.com\/Campinglegaranel\/\" \/>\n<meta property=\"article:modified_time\" content=\"2023-12-05T18:38:03+00:00\" \/>\n<meta name=\"twitter:card\" content=\"summary_large_image\" \/>\n<meta name=\"twitter:label1\" content=\"Gesch\u00e4tzte Lesezeit\" \/>\n\t<meta name=\"twitter:data1\" content=\"1\u00a0Minute\" \/>\n<script type=\"application\/ld+json\" class=\"yoast-schema-graph\">{\"@context\":\"https:\\\/\\\/schema.org\",\"@graph\":[{\"@type\":\"WebPage\",\"@id\":\"https:\\\/\\\/camping-garanel.fr\\\/marche-et-brocante\\\/\",\"url\":\"https:\\\/\\\/camping-garanel.fr\\\/marche-et-brocante\\\/\",\"name\":\"march\u00e9 et brocante - Camping le Garanel ***\",\"isPartOf\":{\"@id\":\"https:\\\/\\\/camping-garanel.fr\\\/#website\"},\"datePublished\":\"2023-12-05T18:34:49+00:00\",\"dateModified\":\"2023-12-05T18:38:03+00:00\",\"breadcrumb\":{\"@id\":\"https:\\\/\\\/camping-garanel.fr\\\/marche-et-brocante\\\/#breadcrumb\"},\"inLanguage\":\"de\",\"potentialAction\":[{\"@type\":\"ReadAction\",\"target\":[\"https:\\\/\\\/camping-garanel.fr\\\/marche-et-brocante\\\/\"]}]},{\"@type\":\"BreadcrumbList\",\"@id\":\"https:\\\/\\\/camping-garanel.fr\\\/marche-et-brocante\\\/#breadcrumb\",\"itemListElement\":[{\"@type\":\"ListItem\",\"position\":1,\"name\":\"Accueil\",\"item\":\"https:\\\/\\\/camping-garanel.fr\\\/\"},{\"@type\":\"ListItem\",\"position\":2,\"name\":\"march\u00e9 et brocante\"}]},{\"@type\":\"WebSite\",\"@id\":\"https:\\\/\\\/camping-garanel.fr\\\/#website\",\"url\":\"https:\\\/\\\/camping-garanel.fr\\\/\",\"name\":\"Camping le Garanel\",\"description\":\"Partez en camping 3 \u00e9toiles \u00e0 Sommi\u00e8res dans le Gard. Venez d\u00e9couvrir oasis de verdure \u00e0 quelques pas  du centre ville entre N\u00eemes et Montpellier\",\"publisher\":{\"@id\":\"https:\\\/\\\/camping-garanel.fr\\\/#organization\"},\"potentialAction\":[{\"@type\":\"SearchAction\",\"target\":{\"@type\":\"EntryPoint\",\"urlTemplate\":\"https:\\\/\\\/camping-garanel.fr\\\/?s={search_term_string}\"},\"query-input\":{\"@type\":\"PropertyValueSpecification\",\"valueRequired\":true,\"valueName\":\"search_term_string\"}}],\"inLanguage\":\"de\"},{\"@type\":\"Organization\",\"@id\":\"https:\\\/\\\/camping-garanel.fr\\\/#organization\",\"name\":\"Camping le Garanel\",\"url\":\"https:\\\/\\\/camping-garanel.fr\\\/\",\"logo\":{\"@type\":\"ImageObject\",\"inLanguage\":\"de\",\"@id\":\"https:\\\/\\\/camping-garanel.fr\\\/#\\\/schema\\\/logo\\\/image\\\/\",\"url\":\"https:\\\/\\\/camping-garanel.fr\\\/wp-content\\\/uploads\\\/2023\\\/08\\\/LOGO-3-ETOILES.jpg\",\"contentUrl\":\"https:\\\/\\\/camping-garanel.fr\\\/wp-content\\\/uploads\\\/2023\\\/08\\\/LOGO-3-ETOILES.jpg\",\"width\":1125,\"height\":855,\"caption\":\"Camping le Garanel\"},\"image\":{\"@id\":\"https:\\\/\\\/camping-garanel.fr\\\/#\\\/schema\\\/logo\\\/image\\\/\"},\"sameAs\":[\"https:\\\/\\\/www.facebook.com\\\/Campinglegaranel\\\/\"]}]}<\/script>\n<!-- \/ Yoast SEO plugin. -->","yoast_head_json":{"title":"march\u00e9 et brocante - Camping le Garanel ***","robots":{"index":"index","follow":"follow","max-snippet":"max-snippet:-1","max-image-preview":"max-image-preview:large","max-video-preview":"max-video-preview:-1"},"canonical":"https:\/\/camping-garanel.fr\/de\/marche-et-brocante\/","og_locale":"de_DE","og_type":"article","og_title":"march\u00e9 et brocante - Camping le Garanel ***","og_description":"MARCH\u00c9 ET BROCANTE Vous avez d\u00e9j\u00e0 entendu parler du traditionnel March\u00e9 de Sommi\u00e8res\u00a0? Vous \u00eates venus pour lui\u00a0? Le Camping le Garanel se trouve \u00e0 seulement 200 m\u00e8tres de celui-ci ! Il se tient tout les samedis matin, \u00e9t\u00e9 comme hiver, du c\u00f4t\u00e9 de la cit\u00e9 m\u00e9di\u00e9vale. Le March\u00e9 de Sommi\u00e8res, c\u2019est lieu privil\u00e9gi\u00e9 ou [&hellip;]","og_url":"https:\/\/camping-garanel.fr\/de\/marche-et-brocante\/","og_site_name":"Camping le Garanel ***","article_publisher":"https:\/\/www.facebook.com\/Campinglegaranel\/","article_modified_time":"2023-12-05T18:38:03+00:00","twitter_card":"summary_large_image","twitter_misc":{"Gesch\u00e4tzte Lesezeit":"1\u00a0Minute"},"schema":{"@context":"https:\/\/schema.org","@graph":[{"@type":"WebPage","@id":"https:\/\/camping-garanel.fr\/marche-et-brocante\/","url":"https:\/\/camping-garanel.fr\/marche-et-brocante\/","name":"march\u00e9 et brocante - Camping le Garanel ***","isPartOf":{"@id":"https:\/\/camping-garanel.fr\/#website"},"datePublished":"2023-12-05T18:34:49+00:00","dateModified":"2023-12-05T18:38:03+00:00","breadcrumb":{"@id":"https:\/\/camping-garanel.fr\/marche-et-brocante\/#breadcrumb"},"inLanguage":"de","potentialAction":[{"@type":"ReadAction","target":["https:\/\/camping-garanel.fr\/marche-et-brocante\/"]}]},{"@type":"BreadcrumbList","@id":"https:\/\/camping-garanel.fr\/marche-et-brocante\/#breadcrumb","itemListElement":[{"@type":"ListItem","position":1,"name":"Accueil","item":"https:\/\/camping-garanel.fr\/"},{"@type":"ListItem","position":2,"name":"march\u00e9 et brocante"}]},{"@type":"WebSite","@id":"https:\/\/camping-garanel.fr\/#website","url":"https:\/\/camping-garanel.fr\/","name":"Camping le Garanel","description":"Partez en camping 3 \u00e9toiles \u00e0 Sommi\u00e8res dans le Gard. Venez d\u00e9couvrir oasis de verdure \u00e0 quelques pas  du centre ville entre N\u00eemes et Montpellier","publisher":{"@id":"https:\/\/camping-garanel.fr\/#organization"},"potentialAction":[{"@type":"SearchAction","target":{"@type":"EntryPoint","urlTemplate":"https:\/\/camping-garanel.fr\/?s={search_term_string}"},"query-input":{"@type":"PropertyValueSpecification","valueRequired":true,"valueName":"search_term_string"}}],"inLanguage":"de"},{"@type":"Organization","@id":"https:\/\/camping-garanel.fr\/#organization","name":"Camping le Garanel","url":"https:\/\/camping-garanel.fr\/","logo":{"@type":"ImageObject","inLanguage":"de","@id":"https:\/\/camping-garanel.fr\/#\/schema\/logo\/image\/","url":"https:\/\/camping-garanel.fr\/wp-content\/uploads\/2023\/08\/LOGO-3-ETOILES.jpg","contentUrl":"https:\/\/camping-garanel.fr\/wp-content\/uploads\/2023\/08\/LOGO-3-ETOILES.jpg","width":1125,"height":855,"caption":"Camping le Garanel"},"image":{"@id":"https:\/\/camping-garanel.fr\/#\/schema\/logo\/image\/"},"sameAs":["https:\/\/www.facebook.com\/Campinglegaranel\/"]}]}},"_links":{"self":[{"href":"https:\/\/camping-garanel.fr\/de\/wp-json\/wp\/v2\/pages\/1887","targetHints":{"allow":["GET"]}}],"collection":[{"href":"https:\/\/camping-garanel.fr\/de\/wp-json\/wp\/v2\/pages"}],"about":[{"href":"https:\/\/camping-garanel.fr\/de\/wp-json\/wp\/v2\/types\/page"}],"author":[{"embeddable":true,"href":"https:\/\/camping-garanel.fr\/de\/wp-json\/wp\/v2\/users\/4"}],"replies":[{"embeddable":true,"href":"https:\/\/camping-garanel.fr\/de\/wp-json\/wp\/v2\/comments?post=1887"}],"version-history":[{"count":0,"href":"https:\/\/camping-garanel.fr\/de\/wp-json\/wp\/v2\/pages\/1887\/revisions"}],"wp:attachment":[{"href":"https:\/\/camping-garanel.fr\/de\/wp-json\/wp\/v2\/media?parent=1887"}],"curies":[{"name":"wp","href":"https:\/\/api.w.org\/{rel}","templated":true}]}}