{"id":1905,"date":"2023-12-15T18:09:29","date_gmt":"2023-12-15T18:09:29","guid":{"rendered":"https:\/\/camping-garanel.fr\/?page_id=1905"},"modified":"2023-12-15T18:20:08","modified_gmt":"2023-12-15T18:20:08","slug":"via-ferrata","status":"publish","type":"page","link":"https:\/\/camping-garanel.fr\/de\/via-ferrata\/","title":{"rendered":"Via Ferrata"},"content":{"rendered":"<div data-elementor-type=\"wp-page\" data-elementor-id=\"1905\" class=\"elementor elementor-1905\" data-elementor-post-type=\"page\">\n\t\t\t\t<div class=\"elementor-element elementor-element-dc2dcda e-con-full e-flex e-con e-parent\" data-id=\"dc2dcda\" data-element_type=\"container\" data-e-type=\"container\" data-settings=\"{&quot;background_background&quot;:&quot;classic&quot;,&quot;shape_divider_bottom&quot;:&quot;mountains&quot;}\">\n\t\t\t\t<div class=\"elementor-shape elementor-shape-bottom\" aria-hidden=\"true\" data-negative=\"false\">\n\t\t\t<svg xmlns=\"http:\/\/www.w3.org\/2000\/svg\" viewbox=\"0 0 1000 100\" preserveaspectratio=\"none\">\n\t<path class=\"elementor-shape-fill\" opacity=\"0.33\" d=\"M473,67.3c-203.9,88.3-263.1-34-320.3,0C66,119.1,0,59.7,0,59.7V0h1000v59.7 c0,0-62.1,26.1-94.9,29.3c-32.8,3.3-62.8-12.3-75.8-22.1C806,49.6,745.3,8.7,694.9,4.7S492.4,59,473,67.3z\"\/>\n\t<path class=\"elementor-shape-fill\" opacity=\"0.66\" d=\"M734,67.3c-45.5,0-77.2-23.2-129.1-39.1c-28.6-8.7-150.3-10.1-254,39.1 s-91.7-34.4-149.2,0C115.7,118.3,0,39.8,0,39.8V0h1000v36.5c0,0-28.2-18.5-92.1-18.5C810.2,18.1,775.7,67.3,734,67.3z\"\/>\n\t<path class=\"elementor-shape-fill\" d=\"M766.1,28.9c-200-57.5-266,65.5-395.1,19.5C242,1.8,242,5.4,184.8,20.6C128,35.8,132.3,44.9,89.9,52.5C28.6,63.7,0,0,0,0 h1000c0,0-9.9,40.9-83.6,48.1S829.6,47,766.1,28.9z\"\/>\n<\/svg>\t\t<\/div>\n\t\t\t\t<\/div>\n\t\t<div class=\"elementor-element elementor-element-79e293e e-flex e-con-boxed e-con e-parent\" data-id=\"79e293e\" data-element_type=\"container\" data-e-type=\"container\">\n\t\t\t\t\t<div class=\"e-con-inner\">\n\t\t\t\t<div class=\"elementor-element elementor-element-6ef8f6c elementor-widget elementor-widget-heading\" data-id=\"6ef8f6c\" data-element_type=\"widget\" data-e-type=\"widget\" data-widget_type=\"heading.default\">\n\t\t\t\t<div class=\"elementor-widget-container\">\n\t\t\t\t\t<h2 class=\"elementor-heading-title elementor-size-default\">Via Ferrata du Vidourle<\/h2>\t\t\t\t<\/div>\n\t\t\t\t<\/div>\n\t\t\t\t\t<\/div>\n\t\t\t\t<\/div>\n\t\t<div class=\"elementor-element elementor-element-27a3a30 e-flex e-con-boxed e-con e-parent\" data-id=\"27a3a30\" data-element_type=\"container\" data-e-type=\"container\">\n\t\t\t\t\t<div class=\"e-con-inner\">\n\t\t\t\t<div class=\"elementor-element elementor-element-6cdda2e elementor-widget elementor-widget-text-editor\" data-id=\"6cdda2e\" data-element_type=\"widget\" data-e-type=\"widget\" data-widget_type=\"text-editor.default\">\n\t\t\t\t<div class=\"elementor-widget-container\">\n\t\t\t\t\t\t\t\t\t<p><strong>Vous souhaitez d\u00e9couvrir de nouvelles sensations dans une randonn\u00e9e verticale au travers des falaises de l\u2019H\u00e9rault et du Gard ? La via ferrata du Vidourle situ\u00e9e \u00e0 seulement 10 minutes en voiture du Camping le Garanel ne peut que vous s\u00e9duire !<\/strong><\/p><p><strong>S<\/strong>ignifiant litt\u00e9ralement \u201cchemin ferr\u00e9\u201d, la Via Ferrata est un parcours qui se situe \u00e0 mi-chemin<strong>\u00a0entre l\u2019escalade et la randonn\u00e9e. Cette activit\u00e9 unique vous <\/strong>procurera un maximum de sensations tout en vous faisant profiter de magnifiques panoramas. Passerelle, pont de singe, tyrolienne, \u00e9chelle et filet\u2026 Ici les possibilit\u00e9s ne manquent pas\u00a0!<\/p><p>La Via Ferrata du Vidourle se caract\u00e9rise par un parcours atypique entre rivi\u00e8res et falaises. Surplombant la rivi\u00e8re en quasi-permanence, elle reste accessible au plus grand nombre. \u00a0\u00c0 la Roque de Saint-S\u00e9ri\u00e8s, le Vidourle a creus\u00e9 une gorge entre deux rochers de 70 m\u00a0! C\u2019est pr\u00e9cis\u00e9ment \u00e0 cet endroit que se trouve le d\u00e9part de cette via ferrata. Depuis le parking, deux minutes de marche suffisent pour y acc\u00e9der.\u00a0<\/p><p>Deux itin\u00e9raires s\u2019offrent \u00e0 vous : Un d\u2019initiation, permettant une d\u00e9couverte de la via-ferrata, et un plus difficile dans le plafond de la Baume pour les plus aguerris.<\/p><p>Bien s\u00fbr rien ne vous emp\u00eache de jongler entre les deux parcours. Les moniteurs se feront un plaisir de vous aiguiller, vous permettant, ainsi de profiter pleinement de cette aventure au bord de l\u2019eau. Que vous soyez en famille ou entre amis, vous profiterez des eaux vives de la rivi\u00e8re pour vous rafra\u00eechir. Les rives du Vidourle sont propices au pique-nique, \u00e0 la d\u00e9tente et \u00e0 la baignade.<\/p>\t\t\t\t\t\t\t\t<\/div>\n\t\t\t\t<\/div>\n\t\t\t\t\t<\/div>\n\t\t\t\t<\/div>\n\t\t<div class=\"elementor-element elementor-element-8d73937 e-flex e-con-boxed e-con e-parent\" data-id=\"8d73937\" data-element_type=\"container\" data-e-type=\"container\">\n\t\t\t\t\t<div class=\"e-con-inner\">\n\t\t\t\t<div class=\"elementor-element elementor-element-b3a1e81 elementor-widget elementor-widget-heading\" data-id=\"b3a1e81\" data-element_type=\"widget\" data-e-type=\"widget\" data-widget_type=\"heading.default\">\n\t\t\t\t<div class=\"elementor-widget-container\">\n\t\t\t\t\t<h2 class=\"elementor-heading-title elementor-size-default\">Escalade\n\n<\/h2>\t\t\t\t<\/div>\n\t\t\t\t<\/div>\n\t\t\t\t\t<\/div>\n\t\t\t\t<\/div>\n\t\t<div class=\"elementor-element elementor-element-df2845f e-flex e-con-boxed e-con e-parent\" data-id=\"df2845f\" data-element_type=\"container\" data-e-type=\"container\">\n\t\t\t\t\t<div class=\"e-con-inner\">\n\t\t\t\t<div class=\"elementor-element elementor-element-3f09739 elementor-widget elementor-widget-text-editor\" data-id=\"3f09739\" data-element_type=\"widget\" data-e-type=\"widget\" data-widget_type=\"text-editor.default\">\n\t\t\t\t<div class=\"elementor-widget-container\">\n\t\t\t\t\t\t\t\t\t<p>Activit\u00e9 de pleine nature se confondant entre ciel et terre, l\u2019escalade est un sport d\u2019\u00e9quilibre o\u00f9 l\u2019on d\u00e9fie les lois de la gravit\u00e9. Mais c\u2019est aussi la ma\u00eetrise de ses \u00e9motions, la recherche du mouvement parfait, la confiance entre le grimpeur et son assureur, ainsi que l\u2019apprentissage et le respect des r\u00e8gles de s\u00e9curit\u00e9. Nul besoin d\u2019\u00eatre sportif pour d\u00e9couvrir les sensations que procure cette activit\u00e9.<\/p><p>V\u00e9ritable paradis du grimpeur, notre r\u00e9gion regorge de falaises aux difficult\u00e9s diverses et vari\u00e9es, qui raviront, aussi bien, les novices que les plus sportifs :\u00a0 Saint Bauzille de Montmel (situ\u00e9e \u00e0 seulement 20 minutes en voiture du Camping) , Thaurac, Saint Jean de Bu\u00e8ges, Valflaun\u00e8s, les Joncas, le Caroux\u2026<\/p><p>Que vous soyez d\u00e9butants ou non, vous pourrez selon votre exp\u00e9rience, vous initiez aux diff\u00e9rentes techniques d\u2019ascensions, ou bien perfectionner vos aptitudes et connaissances afin d\u2019acc\u00e9der \u00e0 l\u2019autonomie.<\/p><p>Entre amis ou en famille, pr\u00e9parez-vous \u00e0 passer un moment fort en \u00e9motion, dans la convivialit\u00e9 et la bonne humeur.<\/p>\t\t\t\t\t\t\t\t<\/div>\n\t\t\t\t<\/div>\n\t\t\t\t\t<\/div>\n\t\t\t\t<\/div>\n\t\t\t\t<\/div>","protected":false},"excerpt":{"rendered":"<p>Via Ferrata du Vidourle Vous souhaitez d\u00e9couvrir de nouvelles sensations dans une randonn\u00e9e verticale au travers des falaises de l\u2019H\u00e9rault et du Gard ? La via ferrata du Vidourle situ\u00e9e \u00e0 seulement 10 minutes en voiture du Camping le Garanel ne peut que vous s\u00e9duire ! Signifiant litt\u00e9ralement \u201cchemin ferr\u00e9\u201d, la Via Ferrata est un [&hellip;]<\/p>\n","protected":false},"author":4,"featured_media":0,"parent":0,"menu_order":0,"comment_status":"closed","ping_status":"closed","template":"","meta":{"footnotes":""},"class_list":["post-1905","page","type-page","status-publish","hentry","travel-monster-post","no-post-thumbnail","latest_post"],"yoast_head":"<!-- This site is optimized with the Yoast SEO plugin v27.6 - https:\/\/yoast.com\/product\/yoast-seo-wordpress\/ -->\n<title>Via Ferrata - Camping le Garanel ***<\/title>\n<meta name=\"robots\" content=\"index, follow, max-snippet:-1, max-image-preview:large, max-video-preview:-1\" \/>\n<link rel=\"canonical\" href=\"https:\/\/camping-garanel.fr\/de\/via-ferrata\/\" \/>\n<meta property=\"og:locale\" content=\"de_DE\" \/>\n<meta property=\"og:type\" content=\"article\" \/>\n<meta property=\"og:title\" content=\"Via Ferrata - Camping le Garanel ***\" \/>\n<meta property=\"og:description\" content=\"Via Ferrata du Vidourle Vous souhaitez d\u00e9couvrir de nouvelles sensations dans une randonn\u00e9e verticale au travers des falaises de l\u2019H\u00e9rault et du Gard ? La via ferrata du Vidourle situ\u00e9e \u00e0 seulement 10 minutes en voiture du Camping le Garanel ne peut que vous s\u00e9duire ! Signifiant litt\u00e9ralement \u201cchemin ferr\u00e9\u201d, la Via Ferrata est un [&hellip;]\" \/>\n<meta property=\"og:url\" content=\"https:\/\/camping-garanel.fr\/de\/via-ferrata\/\" \/>\n<meta property=\"og:site_name\" content=\"Camping le Garanel ***\" \/>\n<meta property=\"article:publisher\" content=\"https:\/\/www.facebook.com\/Campinglegaranel\/\" \/>\n<meta property=\"article:modified_time\" content=\"2023-12-15T18:20:08+00:00\" \/>\n<meta name=\"twitter:card\" content=\"summary_large_image\" \/>\n<meta name=\"twitter:label1\" content=\"Gesch\u00e4tzte Lesezeit\" \/>\n\t<meta name=\"twitter:data1\" content=\"2\u00a0Minuten\" \/>\n<script type=\"application\/ld+json\" class=\"yoast-schema-graph\">{\"@context\":\"https:\\\/\\\/schema.org\",\"@graph\":[{\"@type\":\"WebPage\",\"@id\":\"https:\\\/\\\/camping-garanel.fr\\\/via-ferrata\\\/\",\"url\":\"https:\\\/\\\/camping-garanel.fr\\\/via-ferrata\\\/\",\"name\":\"Via Ferrata - Camping le Garanel ***\",\"isPartOf\":{\"@id\":\"https:\\\/\\\/camping-garanel.fr\\\/#website\"},\"datePublished\":\"2023-12-15T18:09:29+00:00\",\"dateModified\":\"2023-12-15T18:20:08+00:00\",\"breadcrumb\":{\"@id\":\"https:\\\/\\\/camping-garanel.fr\\\/via-ferrata\\\/#breadcrumb\"},\"inLanguage\":\"de\",\"potentialAction\":[{\"@type\":\"ReadAction\",\"target\":[\"https:\\\/\\\/camping-garanel.fr\\\/via-ferrata\\\/\"]}]},{\"@type\":\"BreadcrumbList\",\"@id\":\"https:\\\/\\\/camping-garanel.fr\\\/via-ferrata\\\/#breadcrumb\",\"itemListElement\":[{\"@type\":\"ListItem\",\"position\":1,\"name\":\"Accueil\",\"item\":\"https:\\\/\\\/camping-garanel.fr\\\/\"},{\"@type\":\"ListItem\",\"position\":2,\"name\":\"Via Ferrata\"}]},{\"@type\":\"WebSite\",\"@id\":\"https:\\\/\\\/camping-garanel.fr\\\/#website\",\"url\":\"https:\\\/\\\/camping-garanel.fr\\\/\",\"name\":\"Camping le Garanel\",\"description\":\"Partez en camping 3 \u00e9toiles \u00e0 Sommi\u00e8res dans le Gard. Venez d\u00e9couvrir oasis de verdure \u00e0 quelques pas  du centre ville entre N\u00eemes et Montpellier\",\"publisher\":{\"@id\":\"https:\\\/\\\/camping-garanel.fr\\\/#organization\"},\"potentialAction\":[{\"@type\":\"SearchAction\",\"target\":{\"@type\":\"EntryPoint\",\"urlTemplate\":\"https:\\\/\\\/camping-garanel.fr\\\/?s={search_term_string}\"},\"query-input\":{\"@type\":\"PropertyValueSpecification\",\"valueRequired\":true,\"valueName\":\"search_term_string\"}}],\"inLanguage\":\"de\"},{\"@type\":\"Organization\",\"@id\":\"https:\\\/\\\/camping-garanel.fr\\\/#organization\",\"name\":\"Camping le Garanel\",\"url\":\"https:\\\/\\\/camping-garanel.fr\\\/\",\"logo\":{\"@type\":\"ImageObject\",\"inLanguage\":\"de\",\"@id\":\"https:\\\/\\\/camping-garanel.fr\\\/#\\\/schema\\\/logo\\\/image\\\/\",\"url\":\"https:\\\/\\\/camping-garanel.fr\\\/wp-content\\\/uploads\\\/2023\\\/08\\\/LOGO-3-ETOILES.jpg\",\"contentUrl\":\"https:\\\/\\\/camping-garanel.fr\\\/wp-content\\\/uploads\\\/2023\\\/08\\\/LOGO-3-ETOILES.jpg\",\"width\":1125,\"height\":855,\"caption\":\"Camping le Garanel\"},\"image\":{\"@id\":\"https:\\\/\\\/camping-garanel.fr\\\/#\\\/schema\\\/logo\\\/image\\\/\"},\"sameAs\":[\"https:\\\/\\\/www.facebook.com\\\/Campinglegaranel\\\/\"]}]}<\/script>\n<!-- \/ Yoast SEO plugin. -->","yoast_head_json":{"title":"Via Ferrata - Camping le Garanel ***","robots":{"index":"index","follow":"follow","max-snippet":"max-snippet:-1","max-image-preview":"max-image-preview:large","max-video-preview":"max-video-preview:-1"},"canonical":"https:\/\/camping-garanel.fr\/de\/via-ferrata\/","og_locale":"de_DE","og_type":"article","og_title":"Via Ferrata - Camping le Garanel ***","og_description":"Via Ferrata du Vidourle Vous souhaitez d\u00e9couvrir de nouvelles sensations dans une randonn\u00e9e verticale au travers des falaises de l\u2019H\u00e9rault et du Gard ? La via ferrata du Vidourle situ\u00e9e \u00e0 seulement 10 minutes en voiture du Camping le Garanel ne peut que vous s\u00e9duire ! Signifiant litt\u00e9ralement \u201cchemin ferr\u00e9\u201d, la Via Ferrata est un [&hellip;]","og_url":"https:\/\/camping-garanel.fr\/de\/via-ferrata\/","og_site_name":"Camping le Garanel ***","article_publisher":"https:\/\/www.facebook.com\/Campinglegaranel\/","article_modified_time":"2023-12-15T18:20:08+00:00","twitter_card":"summary_large_image","twitter_misc":{"Gesch\u00e4tzte Lesezeit":"2\u00a0Minuten"},"schema":{"@context":"https:\/\/schema.org","@graph":[{"@type":"WebPage","@id":"https:\/\/camping-garanel.fr\/via-ferrata\/","url":"https:\/\/camping-garanel.fr\/via-ferrata\/","name":"Via Ferrata - Camping le Garanel ***","isPartOf":{"@id":"https:\/\/camping-garanel.fr\/#website"},"datePublished":"2023-12-15T18:09:29+00:00","dateModified":"2023-12-15T18:20:08+00:00","breadcrumb":{"@id":"https:\/\/camping-garanel.fr\/via-ferrata\/#breadcrumb"},"inLanguage":"de","potentialAction":[{"@type":"ReadAction","target":["https:\/\/camping-garanel.fr\/via-ferrata\/"]}]},{"@type":"BreadcrumbList","@id":"https:\/\/camping-garanel.fr\/via-ferrata\/#breadcrumb","itemListElement":[{"@type":"ListItem","position":1,"name":"Accueil","item":"https:\/\/camping-garanel.fr\/"},{"@type":"ListItem","position":2,"name":"Via Ferrata"}]},{"@type":"WebSite","@id":"https:\/\/camping-garanel.fr\/#website","url":"https:\/\/camping-garanel.fr\/","name":"Camping le Garanel","description":"Partez en camping 3 \u00e9toiles \u00e0 Sommi\u00e8res dans le Gard. Venez d\u00e9couvrir oasis de verdure \u00e0 quelques pas  du centre ville entre N\u00eemes et Montpellier","publisher":{"@id":"https:\/\/camping-garanel.fr\/#organization"},"potentialAction":[{"@type":"SearchAction","target":{"@type":"EntryPoint","urlTemplate":"https:\/\/camping-garanel.fr\/?s={search_term_string}"},"query-input":{"@type":"PropertyValueSpecification","valueRequired":true,"valueName":"search_term_string"}}],"inLanguage":"de"},{"@type":"Organization","@id":"https:\/\/camping-garanel.fr\/#organization","name":"Camping le Garanel","url":"https:\/\/camping-garanel.fr\/","logo":{"@type":"ImageObject","inLanguage":"de","@id":"https:\/\/camping-garanel.fr\/#\/schema\/logo\/image\/","url":"https:\/\/camping-garanel.fr\/wp-content\/uploads\/2023\/08\/LOGO-3-ETOILES.jpg","contentUrl":"https:\/\/camping-garanel.fr\/wp-content\/uploads\/2023\/08\/LOGO-3-ETOILES.jpg","width":1125,"height":855,"caption":"Camping le Garanel"},"image":{"@id":"https:\/\/camping-garanel.fr\/#\/schema\/logo\/image\/"},"sameAs":["https:\/\/www.facebook.com\/Campinglegaranel\/"]}]}},"_links":{"self":[{"href":"https:\/\/camping-garanel.fr\/de\/wp-json\/wp\/v2\/pages\/1905","targetHints":{"allow":["GET"]}}],"collection":[{"href":"https:\/\/camping-garanel.fr\/de\/wp-json\/wp\/v2\/pages"}],"about":[{"href":"https:\/\/camping-garanel.fr\/de\/wp-json\/wp\/v2\/types\/page"}],"author":[{"embeddable":true,"href":"https:\/\/camping-garanel.fr\/de\/wp-json\/wp\/v2\/users\/4"}],"replies":[{"embeddable":true,"href":"https:\/\/camping-garanel.fr\/de\/wp-json\/wp\/v2\/comments?post=1905"}],"version-history":[{"count":0,"href":"https:\/\/camping-garanel.fr\/de\/wp-json\/wp\/v2\/pages\/1905\/revisions"}],"wp:attachment":[{"href":"https:\/\/camping-garanel.fr\/de\/wp-json\/wp\/v2\/media?parent=1905"}],"curies":[{"name":"wp","href":"https:\/\/api.w.org\/{rel}","templated":true}]}}