{"id":1910,"date":"2023-12-15T18:39:12","date_gmt":"2023-12-15T18:39:12","guid":{"rendered":"https:\/\/camping-garanel.fr\/?page_id=1910"},"modified":"2023-12-15T18:51:15","modified_gmt":"2023-12-15T18:51:15","slug":"on","status":"publish","type":"page","link":"https:\/\/camping-garanel.fr\/de\/on\/","title":{"rendered":"Oenotourime"},"content":{"rendered":"<div data-elementor-type=\"wp-page\" data-elementor-id=\"1910\" class=\"elementor elementor-1910\" data-elementor-post-type=\"page\">\n\t\t\t\t<div class=\"elementor-element elementor-element-846c7cd e-flex e-con-boxed e-con e-parent\" data-id=\"846c7cd\" data-element_type=\"container\" data-e-type=\"container\" data-settings=\"{&quot;background_background&quot;:&quot;classic&quot;,&quot;shape_divider_bottom&quot;:&quot;mountains&quot;}\">\n\t\t\t\t\t<div class=\"e-con-inner\">\n\t\t\t\t<div class=\"elementor-shape elementor-shape-bottom\" aria-hidden=\"true\" data-negative=\"false\">\n\t\t\t<svg xmlns=\"http:\/\/www.w3.org\/2000\/svg\" viewbox=\"0 0 1000 100\" preserveaspectratio=\"none\">\n\t<path class=\"elementor-shape-fill\" opacity=\"0.33\" d=\"M473,67.3c-203.9,88.3-263.1-34-320.3,0C66,119.1,0,59.7,0,59.7V0h1000v59.7 c0,0-62.1,26.1-94.9,29.3c-32.8,3.3-62.8-12.3-75.8-22.1C806,49.6,745.3,8.7,694.9,4.7S492.4,59,473,67.3z\"\/>\n\t<path class=\"elementor-shape-fill\" opacity=\"0.66\" d=\"M734,67.3c-45.5,0-77.2-23.2-129.1-39.1c-28.6-8.7-150.3-10.1-254,39.1 s-91.7-34.4-149.2,0C115.7,118.3,0,39.8,0,39.8V0h1000v36.5c0,0-28.2-18.5-92.1-18.5C810.2,18.1,775.7,67.3,734,67.3z\"\/>\n\t<path class=\"elementor-shape-fill\" d=\"M766.1,28.9c-200-57.5-266,65.5-395.1,19.5C242,1.8,242,5.4,184.8,20.6C128,35.8,132.3,44.9,89.9,52.5C28.6,63.7,0,0,0,0 h1000c0,0-9.9,40.9-83.6,48.1S829.6,47,766.1,28.9z\"\/>\n<\/svg>\t\t<\/div>\n\t\t\t\t\t<\/div>\n\t\t\t\t<\/div>\n\t\t<div class=\"elementor-element elementor-element-ee112b4 e-flex e-con-boxed e-con e-parent\" data-id=\"ee112b4\" data-element_type=\"container\" data-e-type=\"container\">\n\t\t\t\t\t<div class=\"e-con-inner\">\n\t\t\t\t<div class=\"elementor-element elementor-element-4153583 elementor-widget elementor-widget-heading\" data-id=\"4153583\" data-element_type=\"widget\" data-e-type=\"widget\" data-widget_type=\"heading.default\">\n\t\t\t\t<div class=\"elementor-widget-container\">\n\t\t\t\t\t<h2 class=\"elementor-heading-title elementor-size-default\">Oenotourisme<\/h2>\t\t\t\t<\/div>\n\t\t\t\t<\/div>\n\t\t\t\t\t<\/div>\n\t\t\t\t<\/div>\n\t\t<div class=\"elementor-element elementor-element-3cab575 e-flex e-con-boxed e-con e-parent\" data-id=\"3cab575\" data-element_type=\"container\" data-e-type=\"container\">\n\t\t\t\t\t<div class=\"e-con-inner\">\n\t\t\t\t<div class=\"elementor-element elementor-element-2bf1d4e elementor-widget elementor-widget-text-editor\" data-id=\"2bf1d4e\" data-element_type=\"widget\" data-e-type=\"widget\" data-widget_type=\"text-editor.default\">\n\t\t\t\t<div class=\"elementor-widget-container\">\n\t\t\t\t\t\t\t\t\t<p>Le Camping le Garanel a la chance d\u2019\u00eatre situ\u00e9 au c\u0153ur du Terroir AOC Languedoc Sommi\u00e8res, et d\u2019\u00eatre \u00e0 seulement quelques kilom\u00e8tres de plusieurs domaines viticoles et caveaux de d\u00e9gustation. Pour ceux qui souhaiteraient allier promenade et d\u00e9gustation, une randonn\u00e9e a m\u00eame \u00e9t\u00e9 cr\u00e9\u00e9e pour vous et vos papilles\u00a0!<\/p>\t\t\t\t\t\t\t\t<\/div>\n\t\t\t\t<\/div>\n\t\t\t\t\t<\/div>\n\t\t\t\t<\/div>\n\t\t<div class=\"elementor-element elementor-element-fb2ef52 e-flex e-con-boxed e-con e-parent\" data-id=\"fb2ef52\" data-element_type=\"container\" data-e-type=\"container\">\n\t\t\t\t\t<div class=\"e-con-inner\">\n\t\t\t\t<div class=\"elementor-element elementor-element-8c455a8 elementor-widget elementor-widget-heading\" data-id=\"8c455a8\" data-element_type=\"widget\" data-e-type=\"widget\" data-widget_type=\"heading.default\">\n\t\t\t\t<div class=\"elementor-widget-container\">\n\t\t\t\t\t<h2 class=\"elementor-heading-title elementor-size-default\">TERROIR AOC LANGUEDOC SOMMI\u00c8RES<\/h2>\t\t\t\t<\/div>\n\t\t\t\t<\/div>\n\t\t\t\t\t<\/div>\n\t\t\t\t<\/div>\n\t\t<div class=\"elementor-element elementor-element-4cfb31b e-flex e-con-boxed e-con e-parent\" data-id=\"4cfb31b\" data-element_type=\"container\" data-e-type=\"container\">\n\t\t\t\t\t<div class=\"e-con-inner\">\n\t\t<div class=\"elementor-element elementor-element-791dac3 e-con-full e-flex e-con e-child\" data-id=\"791dac3\" data-element_type=\"container\" data-e-type=\"container\">\n\t\t\t\t<div class=\"elementor-element elementor-element-d8706e6 elementor-widget elementor-widget-text-editor\" data-id=\"d8706e6\" data-element_type=\"widget\" data-e-type=\"widget\" data-widget_type=\"text-editor.default\">\n\t\t\t\t<div class=\"elementor-widget-container\">\n\t\t\t\t\t\t\t\t\t<p>C&rsquo;est la plus jeune et l&rsquo;une des plus petites appellations du Languedoc. Cette d\u00e9nomination concerne essentiellement les vins rouges puissants, issus d&rsquo;un assemblage d&rsquo;au minimum deux c\u00e9pages parmi syrah, grenache, mourv\u00e8dre, carignan et cinsault une belle couleur pourpre \u00e0 grenat fonc\u00e9. Leur nez est complexe. On retrouve souvent des ar\u00f4mes dominants de fruits rouges (cerise, fraise, m\u00fbre, prune\u2026) associ\u00e9s \u00e0 des notes de garrigue, d\u2019\u00e9pices, de r\u00e9glisse et de vanille. En bouche, ces vins sont concentr\u00e9s avec des tanins bien enrob\u00e9s. Ils poss\u00e8dent beaucoup de gras et de rondeur.<\/p><p>D&rsquo;autres labels de qualit\u00e9 et d\u2019origine des vins sont pr\u00e9sents sur le territoire du Pays de Sommi\u00e8res : AOC Languedoc et IGP Pays d\u2019Oc.<\/p>\t\t\t\t\t\t\t\t<\/div>\n\t\t\t\t<\/div>\n\t\t\t\t<\/div>\n\t\t<div class=\"elementor-element elementor-element-4968452 e-con-full e-flex e-con e-child\" data-id=\"4968452\" data-element_type=\"container\" data-e-type=\"container\" data-settings=\"{&quot;background_background&quot;:&quot;classic&quot;}\">\n\t\t\t\t<\/div>\n\t\t\t\t\t<\/div>\n\t\t\t\t<\/div>\n\t\t<div class=\"elementor-element elementor-element-890c7b1 e-flex e-con-boxed e-con e-parent\" data-id=\"890c7b1\" data-element_type=\"container\" data-e-type=\"container\">\n\t\t\t\t\t<div class=\"e-con-inner\">\n\t\t\t\t<div class=\"elementor-element elementor-element-2b7fd0d elementor-widget elementor-widget-heading\" data-id=\"2b7fd0d\" data-element_type=\"widget\" data-e-type=\"widget\" data-widget_type=\"heading.default\">\n\t\t\t\t<div class=\"elementor-widget-container\">\n\t\t\t\t\t<h2 class=\"elementor-heading-title elementor-size-default\">DOMAINE COSTES CIRGUES<\/h2>\t\t\t\t<\/div>\n\t\t\t\t<\/div>\n\t\t\t\t\t<\/div>\n\t\t\t\t<\/div>\n\t\t<div class=\"elementor-element elementor-element-2b58683 e-flex e-con-boxed e-con e-parent\" data-id=\"2b58683\" data-element_type=\"container\" data-e-type=\"container\">\n\t\t\t\t\t<div class=\"e-con-inner\">\n\t\t\t\t<div class=\"elementor-element elementor-element-2458726 elementor-widget elementor-widget-text-editor\" data-id=\"2458726\" data-element_type=\"widget\" data-e-type=\"widget\" data-widget_type=\"text-editor.default\">\n\t\t\t\t<div class=\"elementor-widget-container\">\n\t\t\t\t\t\t\t\t\t<p>Domaine viticole familial, vins bio sans sulfites ajout\u00e9s et huile d&rsquo;olive bio. A seulement 2.5km du Camping, <a style=\"color: #8faf55;\" href=\"https:\/\/costes-cirgues.com\/\" target=\"_blank\" rel=\"noopener\">\u00a0le Domaine Costes Cirgues<\/a> se fera un plaisir\u00a0de vous accueillir pour une visite guid\u00e9e du domaine et de la cave suivie d\u2019une d\u00e9gustation . Le caveau est ouvert sans rdv pour des d\u00e9gustations, du lundi au vendredi de 9 h \u00e0 18 h, le samedi sur rdv. L\u2019inscription est obligatoire pour la visite guid\u00e9e. 60 hectares de vignes, d&rsquo;oliviers, de for\u00eats, de champs et de garrigue ! Le domaine Costes-Cirgues est constitu\u00e9 de petites parcelles o\u00f9 se c\u00f4toient vignes et oliviers. La diversit\u00e9 remarquable de leurs sols compos\u00e9s d&rsquo;ardoises, de graviers, de calcaires, de silex et de marnes donne \u00e0 chacune d&rsquo;elles son caract\u00e8re propre et unique. Un climat m\u00e9diterran\u00e9en, des coteaux en faible pente, la garrigue toute proche et les parcelles d\u00e9limit\u00e9es par des murs en pierre s\u00e8ches marquent de leur empreinte les vins et l&rsquo;huile d&rsquo;olive de Costes-Cirgues.<\/p>\t\t\t\t\t\t\t\t<\/div>\n\t\t\t\t<\/div>\n\t\t\t\t\t<\/div>\n\t\t\t\t<\/div>\n\t\t<div class=\"elementor-element elementor-element-4017032 e-flex e-con-boxed e-con e-parent\" data-id=\"4017032\" data-element_type=\"container\" data-e-type=\"container\">\n\t\t\t\t\t<div class=\"e-con-inner\">\n\t\t\t\t<div class=\"elementor-element elementor-element-9e16d24 elementor-widget elementor-widget-heading\" data-id=\"9e16d24\" data-element_type=\"widget\" data-e-type=\"widget\" data-widget_type=\"heading.default\">\n\t\t\t\t<div class=\"elementor-widget-container\">\n\t\t\t\t\t<h2 class=\"elementor-heading-title elementor-size-default\">LES VIGNERONS DU SOMMIEROIS<\/h2>\t\t\t\t<\/div>\n\t\t\t\t<\/div>\n\t\t\t\t\t<\/div>\n\t\t\t\t<\/div>\n\t\t<div class=\"elementor-element elementor-element-1b18bef e-flex e-con-boxed e-con e-parent\" data-id=\"1b18bef\" data-element_type=\"container\" data-e-type=\"container\">\n\t\t\t\t\t<div class=\"e-con-inner\">\n\t\t\t\t<div class=\"elementor-element elementor-element-3d2321f elementor-widget elementor-widget-text-editor\" data-id=\"3d2321f\" data-element_type=\"widget\" data-e-type=\"widget\" data-widget_type=\"text-editor.default\">\n\t\t\t\t<div class=\"elementor-widget-container\">\n\t\t\t\t\t\t\t\t\t<p>Les Vignerons du Sommi\u00e9rois, <em><strong>Domaine de pr\u00e8s de 700 ha, avec les gammes AOP Languedoc, Languedoc Sommi\u00e8res et vins IGP Pays d&rsquo;Oc.<\/strong><\/em><\/p><p>Moins de 2km vous s\u00e9pare de <a style=\"color: #8faf55;\" href=\"https:\/\/www.vin-vds.com\/\" target=\"_blank\" rel=\"noopener\">La Cave des Vignerons du Sommi\u00e9rois<\/a>. Prenez le temps de d\u00e9couvrir nos vins typiques \u00e0 travers une d\u00e9gustation. La Cave est ouverte du lundi au samedi de 9h \u00e0 12h30 et de 15h \u00e0 19h et \u00e9galement les dimanches de 9h \u00e0 13h en juillet\/ao\u00fbt.<\/p><p>Les Vignerons du Sommi\u00e8rois \u00a0\u00a0est le r\u00e9sultat de la fusion de 3 caves coop\u00e9ratives et exploite un vignoble de 700 ha sur 7 communes entre N\u00eemes et Montpellier. Depuis 1923, les viticulteurs travaillent dans le plus grand respect de la terre et de l&rsquo;environnement pour \u00e9laborer avec passion des vins de qualit\u00e9 \u00e0 forte personnalit\u00e9, r\u00e9v\u00e9lateur du terroir de Sommi\u00e8res. La qualit\u00e9 de leurs vins est d&rsquo;ailleurs r\u00e9compens\u00e9e par de nombreuses m\u00e9dailles obtenues chaque ann\u00e9e. Un large panel gustatif vous sera propos\u00e9 gr\u00e2ce \u00e0 leurs diff\u00e9rentes gammes d&rsquo;AOP Languedoc, AOP Languedoc Sommi\u00e8res et des Vins OGP Pays d&rsquo;Oc. L&rsquo;ensemble de leurs vignes sont travaill\u00e9es en agriculture raisonn\u00e9e, et une partie est en agriculture biologique (certification BIO depuis la r\u00e9colte 2012).<\/p>\t\t\t\t\t\t\t\t<\/div>\n\t\t\t\t<\/div>\n\t\t\t\t\t<\/div>\n\t\t\t\t<\/div>\n\t\t<div class=\"elementor-element elementor-element-99704da e-flex e-con-boxed e-con e-parent\" data-id=\"99704da\" data-element_type=\"container\" data-e-type=\"container\">\n\t\t\t\t\t<div class=\"e-con-inner\">\n\t\t\t\t<div class=\"elementor-element elementor-element-bcf0b99 elementor-widget elementor-widget-heading\" data-id=\"bcf0b99\" data-element_type=\"widget\" data-e-type=\"widget\" data-widget_type=\"heading.default\">\n\t\t\t\t<div class=\"elementor-widget-container\">\n\t\t\t\t\t<h2 class=\"elementor-heading-title elementor-size-default\">BALADE VIGNOBLE DES VIGNERONS DU SOMMI\u00c9ROIS<\/h2>\t\t\t\t<\/div>\n\t\t\t\t<\/div>\n\t\t\t\t\t<\/div>\n\t\t\t\t<\/div>\n\t\t<div class=\"elementor-element elementor-element-1eaa2ee e-flex e-con-boxed e-con e-parent\" data-id=\"1eaa2ee\" data-element_type=\"container\" data-e-type=\"container\">\n\t\t\t\t\t<div class=\"e-con-inner\">\n\t\t\t\t<div class=\"elementor-element elementor-element-a8de164 elementor-widget elementor-widget-text-editor\" data-id=\"a8de164\" data-element_type=\"widget\" data-e-type=\"widget\" data-widget_type=\"text-editor.default\">\n\t\t\t\t<div class=\"elementor-widget-container\">\n\t\t\t\t\t\t\t\t\t<a href=\"https:\/\/camping-garanel.fr\/de\/rando-vin-vidourle\/\"style=\"color:#8FAF55;\" target=\"_blank\" rel=\"noopener\">Au c\u0153ur des vignes des Vignerons du Sommi\u00e9rois<\/a>, accessible \u00e0 VTC ou VTT, en famille ou entre amis, cette balade de 18km (1h30) est compos\u00e9e de 9 panneaux explicatifs pour en apprendre un peu plus sur le vin. Elle s&rsquo;effectue en autonomie. Vous pouvez apr\u00e8s cette balade profitez d\u2019une d\u00e9gustation offerte par la Cave des Vignerons du Sommi\u00e9rois. La balade est accessible sur l&rsquo;application mobile Visorando.\t\t\t\t\t\t\t\t<\/div>\n\t\t\t\t<\/div>\n\t\t\t\t\t<\/div>\n\t\t\t\t<\/div>\n\t\t\t\t<\/div>","protected":false},"excerpt":{"rendered":"<p>Oenotourisme Le Camping le Garanel a la chance d\u2019\u00eatre situ\u00e9 au c\u0153ur du Terroir AOC Languedoc Sommi\u00e8res, et d\u2019\u00eatre \u00e0 seulement quelques kilom\u00e8tres de plusieurs domaines viticoles et caveaux de d\u00e9gustation. Pour ceux qui souhaiteraient allier promenade et d\u00e9gustation, une randonn\u00e9e a m\u00eame \u00e9t\u00e9 cr\u00e9\u00e9e pour vous et vos papilles\u00a0! TERROIR AOC LANGUEDOC SOMMI\u00c8RES C&rsquo;est [&hellip;]<\/p>\n","protected":false},"author":4,"featured_media":0,"parent":0,"menu_order":0,"comment_status":"closed","ping_status":"closed","template":"","meta":{"footnotes":""},"class_list":["post-1910","page","type-page","status-publish","hentry","travel-monster-post","no-post-thumbnail","latest_post"],"yoast_head":"<!-- This site is optimized with the Yoast SEO plugin v27.6 - https:\/\/yoast.com\/product\/yoast-seo-wordpress\/ -->\n<title>Oenotourime - Camping le Garanel ***<\/title>\n<meta name=\"robots\" content=\"index, follow, max-snippet:-1, max-image-preview:large, max-video-preview:-1\" \/>\n<link rel=\"canonical\" href=\"https:\/\/camping-garanel.fr\/de\/on\/\" \/>\n<meta property=\"og:locale\" content=\"de_DE\" \/>\n<meta property=\"og:type\" content=\"article\" \/>\n<meta property=\"og:title\" content=\"Oenotourime - Camping le Garanel ***\" \/>\n<meta property=\"og:description\" content=\"Oenotourisme Le Camping le Garanel a la chance d\u2019\u00eatre situ\u00e9 au c\u0153ur du Terroir AOC Languedoc Sommi\u00e8res, et d\u2019\u00eatre \u00e0 seulement quelques kilom\u00e8tres de plusieurs domaines viticoles et caveaux de d\u00e9gustation. Pour ceux qui souhaiteraient allier promenade et d\u00e9gustation, une randonn\u00e9e a m\u00eame \u00e9t\u00e9 cr\u00e9\u00e9e pour vous et vos papilles\u00a0! TERROIR AOC LANGUEDOC SOMMI\u00c8RES C&rsquo;est [&hellip;]\" \/>\n<meta property=\"og:url\" content=\"https:\/\/camping-garanel.fr\/de\/on\/\" \/>\n<meta property=\"og:site_name\" content=\"Camping le Garanel ***\" \/>\n<meta property=\"article:publisher\" content=\"https:\/\/www.facebook.com\/Campinglegaranel\/\" \/>\n<meta property=\"article:modified_time\" content=\"2023-12-15T18:51:15+00:00\" \/>\n<meta name=\"twitter:card\" content=\"summary_large_image\" \/>\n<meta name=\"twitter:label1\" content=\"Gesch\u00e4tzte Lesezeit\" \/>\n\t<meta name=\"twitter:data1\" content=\"3\u00a0Minuten\" \/>\n<script type=\"application\/ld+json\" class=\"yoast-schema-graph\">{\"@context\":\"https:\\\/\\\/schema.org\",\"@graph\":[{\"@type\":\"WebPage\",\"@id\":\"https:\\\/\\\/camping-garanel.fr\\\/on\\\/\",\"url\":\"https:\\\/\\\/camping-garanel.fr\\\/on\\\/\",\"name\":\"Oenotourime - Camping le Garanel ***\",\"isPartOf\":{\"@id\":\"https:\\\/\\\/camping-garanel.fr\\\/#website\"},\"datePublished\":\"2023-12-15T18:39:12+00:00\",\"dateModified\":\"2023-12-15T18:51:15+00:00\",\"breadcrumb\":{\"@id\":\"https:\\\/\\\/camping-garanel.fr\\\/on\\\/#breadcrumb\"},\"inLanguage\":\"de\",\"potentialAction\":[{\"@type\":\"ReadAction\",\"target\":[\"https:\\\/\\\/camping-garanel.fr\\\/on\\\/\"]}]},{\"@type\":\"BreadcrumbList\",\"@id\":\"https:\\\/\\\/camping-garanel.fr\\\/on\\\/#breadcrumb\",\"itemListElement\":[{\"@type\":\"ListItem\",\"position\":1,\"name\":\"Accueil\",\"item\":\"https:\\\/\\\/camping-garanel.fr\\\/\"},{\"@type\":\"ListItem\",\"position\":2,\"name\":\"Oenotourime\"}]},{\"@type\":\"WebSite\",\"@id\":\"https:\\\/\\\/camping-garanel.fr\\\/#website\",\"url\":\"https:\\\/\\\/camping-garanel.fr\\\/\",\"name\":\"Camping le Garanel\",\"description\":\"Partez en camping 3 \u00e9toiles \u00e0 Sommi\u00e8res dans le Gard. Venez d\u00e9couvrir oasis de verdure \u00e0 quelques pas  du centre ville entre N\u00eemes et Montpellier\",\"publisher\":{\"@id\":\"https:\\\/\\\/camping-garanel.fr\\\/#organization\"},\"potentialAction\":[{\"@type\":\"SearchAction\",\"target\":{\"@type\":\"EntryPoint\",\"urlTemplate\":\"https:\\\/\\\/camping-garanel.fr\\\/?s={search_term_string}\"},\"query-input\":{\"@type\":\"PropertyValueSpecification\",\"valueRequired\":true,\"valueName\":\"search_term_string\"}}],\"inLanguage\":\"de\"},{\"@type\":\"Organization\",\"@id\":\"https:\\\/\\\/camping-garanel.fr\\\/#organization\",\"name\":\"Camping le Garanel\",\"url\":\"https:\\\/\\\/camping-garanel.fr\\\/\",\"logo\":{\"@type\":\"ImageObject\",\"inLanguage\":\"de\",\"@id\":\"https:\\\/\\\/camping-garanel.fr\\\/#\\\/schema\\\/logo\\\/image\\\/\",\"url\":\"https:\\\/\\\/camping-garanel.fr\\\/wp-content\\\/uploads\\\/2023\\\/08\\\/LOGO-3-ETOILES.jpg\",\"contentUrl\":\"https:\\\/\\\/camping-garanel.fr\\\/wp-content\\\/uploads\\\/2023\\\/08\\\/LOGO-3-ETOILES.jpg\",\"width\":1125,\"height\":855,\"caption\":\"Camping le Garanel\"},\"image\":{\"@id\":\"https:\\\/\\\/camping-garanel.fr\\\/#\\\/schema\\\/logo\\\/image\\\/\"},\"sameAs\":[\"https:\\\/\\\/www.facebook.com\\\/Campinglegaranel\\\/\"]}]}<\/script>\n<!-- \/ Yoast SEO plugin. -->","yoast_head_json":{"title":"Oenotourime - Camping le Garanel ***","robots":{"index":"index","follow":"follow","max-snippet":"max-snippet:-1","max-image-preview":"max-image-preview:large","max-video-preview":"max-video-preview:-1"},"canonical":"https:\/\/camping-garanel.fr\/de\/on\/","og_locale":"de_DE","og_type":"article","og_title":"Oenotourime - Camping le Garanel ***","og_description":"Oenotourisme Le Camping le Garanel a la chance d\u2019\u00eatre situ\u00e9 au c\u0153ur du Terroir AOC Languedoc Sommi\u00e8res, et d\u2019\u00eatre \u00e0 seulement quelques kilom\u00e8tres de plusieurs domaines viticoles et caveaux de d\u00e9gustation. Pour ceux qui souhaiteraient allier promenade et d\u00e9gustation, une randonn\u00e9e a m\u00eame \u00e9t\u00e9 cr\u00e9\u00e9e pour vous et vos papilles\u00a0! TERROIR AOC LANGUEDOC SOMMI\u00c8RES C&rsquo;est [&hellip;]","og_url":"https:\/\/camping-garanel.fr\/de\/on\/","og_site_name":"Camping le Garanel ***","article_publisher":"https:\/\/www.facebook.com\/Campinglegaranel\/","article_modified_time":"2023-12-15T18:51:15+00:00","twitter_card":"summary_large_image","twitter_misc":{"Gesch\u00e4tzte Lesezeit":"3\u00a0Minuten"},"schema":{"@context":"https:\/\/schema.org","@graph":[{"@type":"WebPage","@id":"https:\/\/camping-garanel.fr\/on\/","url":"https:\/\/camping-garanel.fr\/on\/","name":"Oenotourime - Camping le Garanel ***","isPartOf":{"@id":"https:\/\/camping-garanel.fr\/#website"},"datePublished":"2023-12-15T18:39:12+00:00","dateModified":"2023-12-15T18:51:15+00:00","breadcrumb":{"@id":"https:\/\/camping-garanel.fr\/on\/#breadcrumb"},"inLanguage":"de","potentialAction":[{"@type":"ReadAction","target":["https:\/\/camping-garanel.fr\/on\/"]}]},{"@type":"BreadcrumbList","@id":"https:\/\/camping-garanel.fr\/on\/#breadcrumb","itemListElement":[{"@type":"ListItem","position":1,"name":"Accueil","item":"https:\/\/camping-garanel.fr\/"},{"@type":"ListItem","position":2,"name":"Oenotourime"}]},{"@type":"WebSite","@id":"https:\/\/camping-garanel.fr\/#website","url":"https:\/\/camping-garanel.fr\/","name":"Camping le Garanel","description":"Partez en camping 3 \u00e9toiles \u00e0 Sommi\u00e8res dans le Gard. Venez d\u00e9couvrir oasis de verdure \u00e0 quelques pas  du centre ville entre N\u00eemes et Montpellier","publisher":{"@id":"https:\/\/camping-garanel.fr\/#organization"},"potentialAction":[{"@type":"SearchAction","target":{"@type":"EntryPoint","urlTemplate":"https:\/\/camping-garanel.fr\/?s={search_term_string}"},"query-input":{"@type":"PropertyValueSpecification","valueRequired":true,"valueName":"search_term_string"}}],"inLanguage":"de"},{"@type":"Organization","@id":"https:\/\/camping-garanel.fr\/#organization","name":"Camping le Garanel","url":"https:\/\/camping-garanel.fr\/","logo":{"@type":"ImageObject","inLanguage":"de","@id":"https:\/\/camping-garanel.fr\/#\/schema\/logo\/image\/","url":"https:\/\/camping-garanel.fr\/wp-content\/uploads\/2023\/08\/LOGO-3-ETOILES.jpg","contentUrl":"https:\/\/camping-garanel.fr\/wp-content\/uploads\/2023\/08\/LOGO-3-ETOILES.jpg","width":1125,"height":855,"caption":"Camping le Garanel"},"image":{"@id":"https:\/\/camping-garanel.fr\/#\/schema\/logo\/image\/"},"sameAs":["https:\/\/www.facebook.com\/Campinglegaranel\/"]}]}},"_links":{"self":[{"href":"https:\/\/camping-garanel.fr\/de\/wp-json\/wp\/v2\/pages\/1910","targetHints":{"allow":["GET"]}}],"collection":[{"href":"https:\/\/camping-garanel.fr\/de\/wp-json\/wp\/v2\/pages"}],"about":[{"href":"https:\/\/camping-garanel.fr\/de\/wp-json\/wp\/v2\/types\/page"}],"author":[{"embeddable":true,"href":"https:\/\/camping-garanel.fr\/de\/wp-json\/wp\/v2\/users\/4"}],"replies":[{"embeddable":true,"href":"https:\/\/camping-garanel.fr\/de\/wp-json\/wp\/v2\/comments?post=1910"}],"version-history":[{"count":0,"href":"https:\/\/camping-garanel.fr\/de\/wp-json\/wp\/v2\/pages\/1910\/revisions"}],"wp:attachment":[{"href":"https:\/\/camping-garanel.fr\/de\/wp-json\/wp\/v2\/media?parent=1910"}],"curies":[{"name":"wp","href":"https:\/\/api.w.org\/{rel}","templated":true}]}}