{"id":691,"date":"2023-08-31T16:25:59","date_gmt":"2023-08-31T16:25:59","guid":{"rendered":"https:\/\/www.leca2510.odns.fr\/?page_id=691"},"modified":"2023-12-01T18:16:03","modified_gmt":"2023-12-01T18:16:03","slug":"rando-vin-vidourle","status":"publish","type":"page","link":"https:\/\/camping-garanel.fr\/es\/rando-vin-vidourle\/","title":{"rendered":"Rando vin &#038; Vidourle"},"content":{"rendered":"\t\t<div data-elementor-type=\"wp-page\" data-elementor-id=\"691\" class=\"elementor elementor-691\" data-elementor-post-type=\"page\">\n\t\t\t\t<div class=\"elementor-element elementor-element-a38199e e-flex e-con-boxed e-con e-parent\" data-id=\"a38199e\" data-element_type=\"container\" data-e-type=\"container\" data-settings=\"{&quot;background_background&quot;:&quot;classic&quot;,&quot;shape_divider_bottom&quot;:&quot;mountains&quot;}\">\n\t\t\t\t\t<div class=\"e-con-inner\">\n\t\t\t\t<div class=\"elementor-shape elementor-shape-bottom\" aria-hidden=\"true\" data-negative=\"false\">\n\t\t\t<svg xmlns=\"http:\/\/www.w3.org\/2000\/svg\" viewBox=\"0 0 1000 100\" preserveAspectRatio=\"none\">\n\t<path class=\"elementor-shape-fill\" opacity=\"0.33\" d=\"M473,67.3c-203.9,88.3-263.1-34-320.3,0C66,119.1,0,59.7,0,59.7V0h1000v59.7 c0,0-62.1,26.1-94.9,29.3c-32.8,3.3-62.8-12.3-75.8-22.1C806,49.6,745.3,8.7,694.9,4.7S492.4,59,473,67.3z\"\/>\n\t<path class=\"elementor-shape-fill\" opacity=\"0.66\" d=\"M734,67.3c-45.5,0-77.2-23.2-129.1-39.1c-28.6-8.7-150.3-10.1-254,39.1 s-91.7-34.4-149.2,0C115.7,118.3,0,39.8,0,39.8V0h1000v36.5c0,0-28.2-18.5-92.1-18.5C810.2,18.1,775.7,67.3,734,67.3z\"\/>\n\t<path class=\"elementor-shape-fill\" d=\"M766.1,28.9c-200-57.5-266,65.5-395.1,19.5C242,1.8,242,5.4,184.8,20.6C128,35.8,132.3,44.9,89.9,52.5C28.6,63.7,0,0,0,0 h1000c0,0-9.9,40.9-83.6,48.1S829.6,47,766.1,28.9z\"\/>\n<\/svg>\t\t<\/div>\n\t\t\t\t\t<\/div>\n\t\t\t\t<\/div>\n\t\t<div class=\"elementor-element elementor-element-2a4afcd3 e-con-full e-flex e-con e-parent\" data-id=\"2a4afcd3\" data-element_type=\"container\" data-e-type=\"container\">\n\t\t\t\t<div class=\"elementor-element elementor-element-35eb0d09 elementor-widget elementor-widget-text-editor\" data-id=\"35eb0d09\" data-element_type=\"widget\" data-e-type=\"widget\" data-widget_type=\"text-editor.default\">\n\t\t\t\t<div class=\"elementor-widget-container\">\n\t\t\t\t\t\t\t\t\t<p>Entre le fleuve Vidourle et les collines environnantes, cette promenade vous guide \u00e0 travers de vastes domaines viticoles et des fermes traditionnelles, appel\u00e9es mas.<\/p><p>Commencez votre voyage depuis l&rsquo;ancien camping municipal de Sommi\u00e8res. Traversez le centre ville historique en prenant la direction de la gare, puis empruntez la voie verte jusqu\u2019au Bois de Massereau. Quittez la voie verte pour suivre le Chemin du Gr\u00e8s. Poursuivez ensuite vers le Mas de Christin, Corbi\u00e8res, Bois du Roi et Les Combes. De l\u00e0, dirigez-vous vers Belleau, La Violette et le Ch\u00e2teau. Terminez votre parcours en revenant \u00e0 la gare par la Porte de la Taillade.<\/p><p>Points d\u2019int\u00e9r\u00eat :<\/p><ul><li>Le pont romain du Ier si\u00e8cle qui traverse le Vidourle, faisant partie de l\u2019ancienne route reliant N\u00eemes \u00e0 Toulouse, comportait \u00e0 l\u2019origine au moins 21 arches.<\/li><li>Le parcours de d\u00e9couverte du centre du village, qui met en valeur l\u2019histoire de Sommi\u00e8res.<\/li><li>Les mas viticoles, des domaines agricoles d\u00e9di\u00e9s \u00e0 la culture de la vigne.<\/li><li>La Voie Verte, un chemin s\u00fbr et agr\u00e9able qui suit le trac\u00e9 de l\u2019ancienne voie ferr\u00e9e.<\/li><\/ul><p>Informations compl\u00e9mentaires : La culture de la vigne est une tradition s\u00e9culaire dans la r\u00e9gion. Bien que les Grecs aient introduit de nouveaux c\u00e9pages, c\u2019est l\u2019occupation romaine qui a permis \u00e0 la vigne de se r\u00e9pandre dans tout le pays. Les grands vignobles datent des premiers si\u00e8cles de notre \u00e8re, avec la cr\u00e9ation des villas romaines et des mas. Profond\u00e9ment enracin\u00e9e dans l\u2019histoire, la vigne s\u2019\u00e9tend sur les coteaux jusqu\u2019aux C\u00e9vennes.<\/p>\t\t\t\t\t\t\t\t<\/div>\n\t\t\t\t<\/div>\n\t\t\t\t<div class=\"elementor-element elementor-element-3c20995d elementor-widget elementor-widget-heading\" data-id=\"3c20995d\" data-element_type=\"widget\" data-e-type=\"widget\" data-widget_type=\"heading.default\">\n\t\t\t\t<div class=\"elementor-widget-container\">\n\t\t\t\t\t<h2 class=\"elementor-heading-title elementor-size-default\">Rando vin &amp; Vidourle<\/h2>\t\t\t\t<\/div>\n\t\t\t\t<\/div>\n\t\t\t\t<\/div>\n\t\t<div class=\"elementor-element elementor-element-4b2f832 e-flex e-con-boxed e-con e-parent\" data-id=\"4b2f832\" data-element_type=\"container\" data-e-type=\"container\">\n\t\t\t\t\t<div class=\"e-con-inner\">\n\t\t\t\t<div class=\"elementor-element elementor-element-b0343e1 elementor-widget elementor-widget-shortcode\" data-id=\"b0343e1\" data-element_type=\"widget\" data-e-type=\"widget\" data-widget_type=\"shortcode.default\">\n\t\t\t\t<div class=\"elementor-widget-container\">\n\t\t\t\t\t\t\t<div class=\"elementor-shortcode\">[leaflet-map fitbounds]\n\n[leaflet-gpx src=https:\/\/camping-garanel.fr\/wp-content\/uploads\/2023\/11\/VinetVidourle1.gpx color=blue]<\/div>\n\t\t\t\t\t\t<\/div>\n\t\t\t\t<\/div>\n\t\t\t\t\t<\/div>\n\t\t\t\t<\/div>\n\t\t\t\t<\/div>\n\t\t","protected":false},"excerpt":{"rendered":"<p>Entre le fleuve Vidourle et les collines environnantes, cette promenade vous guide \u00e0 travers de vastes domaines viticoles et des fermes traditionnelles, appel\u00e9es mas. Commencez votre voyage depuis l&rsquo;ancien camping municipal de Sommi\u00e8res. Traversez le centre ville historique en prenant la direction de la gare, puis empruntez la voie verte jusqu\u2019au Bois de Massereau. Quittez [&hellip;]<\/p>\n","protected":false},"author":4,"featured_media":0,"parent":0,"menu_order":0,"comment_status":"closed","ping_status":"closed","template":"","meta":{"footnotes":""},"class_list":["post-691","page","type-page","status-publish","hentry","travel-monster-post","no-post-thumbnail","latest_post"],"yoast_head":"<!-- This site is optimized with the Yoast SEO plugin v27.6 - https:\/\/yoast.com\/product\/yoast-seo-wordpress\/ -->\n<title>Rando vin &amp; Vidourle - Camping le Garanel ***<\/title>\n<meta name=\"robots\" content=\"index, follow, max-snippet:-1, max-image-preview:large, max-video-preview:-1\" \/>\n<link rel=\"canonical\" href=\"https:\/\/camping-garanel.fr\/es\/rando-vin-vidourle\/\" \/>\n<meta property=\"og:locale\" content=\"es_ES\" \/>\n<meta property=\"og:type\" content=\"article\" \/>\n<meta property=\"og:title\" content=\"Rando vin &amp; Vidourle - Camping le Garanel ***\" \/>\n<meta property=\"og:description\" content=\"Entre le fleuve Vidourle et les collines environnantes, cette promenade vous guide \u00e0 travers de vastes domaines viticoles et des fermes traditionnelles, appel\u00e9es mas. Commencez votre voyage depuis l&rsquo;ancien camping municipal de Sommi\u00e8res. Traversez le centre ville historique en prenant la direction de la gare, puis empruntez la voie verte jusqu\u2019au Bois de Massereau. Quittez [&hellip;]\" \/>\n<meta property=\"og:url\" content=\"https:\/\/camping-garanel.fr\/es\/rando-vin-vidourle\/\" \/>\n<meta property=\"og:site_name\" content=\"Camping le Garanel ***\" \/>\n<meta property=\"article:publisher\" content=\"https:\/\/www.facebook.com\/Campinglegaranel\/\" \/>\n<meta property=\"article:modified_time\" content=\"2023-12-01T18:16:03+00:00\" \/>\n<meta name=\"twitter:card\" content=\"summary_large_image\" \/>\n<meta name=\"twitter:label1\" content=\"Tiempo de lectura\" \/>\n\t<meta name=\"twitter:data1\" content=\"1 minuto\" \/>\n<script type=\"application\/ld+json\" class=\"yoast-schema-graph\">{\"@context\":\"https:\\\/\\\/schema.org\",\"@graph\":[{\"@type\":\"WebPage\",\"@id\":\"https:\\\/\\\/camping-garanel.fr\\\/rando-vin-vidourle\\\/\",\"url\":\"https:\\\/\\\/camping-garanel.fr\\\/rando-vin-vidourle\\\/\",\"name\":\"Rando vin & Vidourle - Camping le Garanel ***\",\"isPartOf\":{\"@id\":\"https:\\\/\\\/camping-garanel.fr\\\/#website\"},\"datePublished\":\"2023-08-31T16:25:59+00:00\",\"dateModified\":\"2023-12-01T18:16:03+00:00\",\"breadcrumb\":{\"@id\":\"https:\\\/\\\/camping-garanel.fr\\\/rando-vin-vidourle\\\/#breadcrumb\"},\"inLanguage\":\"es\",\"potentialAction\":[{\"@type\":\"ReadAction\",\"target\":[\"https:\\\/\\\/camping-garanel.fr\\\/rando-vin-vidourle\\\/\"]}]},{\"@type\":\"BreadcrumbList\",\"@id\":\"https:\\\/\\\/camping-garanel.fr\\\/rando-vin-vidourle\\\/#breadcrumb\",\"itemListElement\":[{\"@type\":\"ListItem\",\"position\":1,\"name\":\"Accueil\",\"item\":\"https:\\\/\\\/camping-garanel.fr\\\/\"},{\"@type\":\"ListItem\",\"position\":2,\"name\":\"Rando vin &#038; Vidourle\"}]},{\"@type\":\"WebSite\",\"@id\":\"https:\\\/\\\/camping-garanel.fr\\\/#website\",\"url\":\"https:\\\/\\\/camping-garanel.fr\\\/\",\"name\":\"Camping le Garanel\",\"description\":\"Partez en camping 3 \u00e9toiles \u00e0 Sommi\u00e8res dans le Gard. Venez d\u00e9couvrir oasis de verdure \u00e0 quelques pas  du centre ville entre N\u00eemes et Montpellier\",\"publisher\":{\"@id\":\"https:\\\/\\\/camping-garanel.fr\\\/#organization\"},\"potentialAction\":[{\"@type\":\"SearchAction\",\"target\":{\"@type\":\"EntryPoint\",\"urlTemplate\":\"https:\\\/\\\/camping-garanel.fr\\\/?s={search_term_string}\"},\"query-input\":{\"@type\":\"PropertyValueSpecification\",\"valueRequired\":true,\"valueName\":\"search_term_string\"}}],\"inLanguage\":\"es\"},{\"@type\":\"Organization\",\"@id\":\"https:\\\/\\\/camping-garanel.fr\\\/#organization\",\"name\":\"Camping le Garanel\",\"url\":\"https:\\\/\\\/camping-garanel.fr\\\/\",\"logo\":{\"@type\":\"ImageObject\",\"inLanguage\":\"es\",\"@id\":\"https:\\\/\\\/camping-garanel.fr\\\/#\\\/schema\\\/logo\\\/image\\\/\",\"url\":\"https:\\\/\\\/camping-garanel.fr\\\/wp-content\\\/uploads\\\/2023\\\/08\\\/LOGO-3-ETOILES.jpg\",\"contentUrl\":\"https:\\\/\\\/camping-garanel.fr\\\/wp-content\\\/uploads\\\/2023\\\/08\\\/LOGO-3-ETOILES.jpg\",\"width\":1125,\"height\":855,\"caption\":\"Camping le Garanel\"},\"image\":{\"@id\":\"https:\\\/\\\/camping-garanel.fr\\\/#\\\/schema\\\/logo\\\/image\\\/\"},\"sameAs\":[\"https:\\\/\\\/www.facebook.com\\\/Campinglegaranel\\\/\"]}]}<\/script>\n<!-- \/ Yoast SEO plugin. -->","yoast_head_json":{"title":"Rando vin & Vidourle - Camping le Garanel ***","robots":{"index":"index","follow":"follow","max-snippet":"max-snippet:-1","max-image-preview":"max-image-preview:large","max-video-preview":"max-video-preview:-1"},"canonical":"https:\/\/camping-garanel.fr\/es\/rando-vin-vidourle\/","og_locale":"es_ES","og_type":"article","og_title":"Rando vin & Vidourle - Camping le Garanel ***","og_description":"Entre le fleuve Vidourle et les collines environnantes, cette promenade vous guide \u00e0 travers de vastes domaines viticoles et des fermes traditionnelles, appel\u00e9es mas. Commencez votre voyage depuis l&rsquo;ancien camping municipal de Sommi\u00e8res. Traversez le centre ville historique en prenant la direction de la gare, puis empruntez la voie verte jusqu\u2019au Bois de Massereau. Quittez [&hellip;]","og_url":"https:\/\/camping-garanel.fr\/es\/rando-vin-vidourle\/","og_site_name":"Camping le Garanel ***","article_publisher":"https:\/\/www.facebook.com\/Campinglegaranel\/","article_modified_time":"2023-12-01T18:16:03+00:00","twitter_card":"summary_large_image","twitter_misc":{"Tiempo de lectura":"1 minuto"},"schema":{"@context":"https:\/\/schema.org","@graph":[{"@type":"WebPage","@id":"https:\/\/camping-garanel.fr\/rando-vin-vidourle\/","url":"https:\/\/camping-garanel.fr\/rando-vin-vidourle\/","name":"Rando vin & Vidourle - Camping le Garanel ***","isPartOf":{"@id":"https:\/\/camping-garanel.fr\/#website"},"datePublished":"2023-08-31T16:25:59+00:00","dateModified":"2023-12-01T18:16:03+00:00","breadcrumb":{"@id":"https:\/\/camping-garanel.fr\/rando-vin-vidourle\/#breadcrumb"},"inLanguage":"es","potentialAction":[{"@type":"ReadAction","target":["https:\/\/camping-garanel.fr\/rando-vin-vidourle\/"]}]},{"@type":"BreadcrumbList","@id":"https:\/\/camping-garanel.fr\/rando-vin-vidourle\/#breadcrumb","itemListElement":[{"@type":"ListItem","position":1,"name":"Accueil","item":"https:\/\/camping-garanel.fr\/"},{"@type":"ListItem","position":2,"name":"Rando vin &#038; Vidourle"}]},{"@type":"WebSite","@id":"https:\/\/camping-garanel.fr\/#website","url":"https:\/\/camping-garanel.fr\/","name":"Camping le Garanel","description":"Partez en camping 3 \u00e9toiles \u00e0 Sommi\u00e8res dans le Gard. Venez d\u00e9couvrir oasis de verdure \u00e0 quelques pas  du centre ville entre N\u00eemes et Montpellier","publisher":{"@id":"https:\/\/camping-garanel.fr\/#organization"},"potentialAction":[{"@type":"SearchAction","target":{"@type":"EntryPoint","urlTemplate":"https:\/\/camping-garanel.fr\/?s={search_term_string}"},"query-input":{"@type":"PropertyValueSpecification","valueRequired":true,"valueName":"search_term_string"}}],"inLanguage":"es"},{"@type":"Organization","@id":"https:\/\/camping-garanel.fr\/#organization","name":"Camping le Garanel","url":"https:\/\/camping-garanel.fr\/","logo":{"@type":"ImageObject","inLanguage":"es","@id":"https:\/\/camping-garanel.fr\/#\/schema\/logo\/image\/","url":"https:\/\/camping-garanel.fr\/wp-content\/uploads\/2023\/08\/LOGO-3-ETOILES.jpg","contentUrl":"https:\/\/camping-garanel.fr\/wp-content\/uploads\/2023\/08\/LOGO-3-ETOILES.jpg","width":1125,"height":855,"caption":"Camping le Garanel"},"image":{"@id":"https:\/\/camping-garanel.fr\/#\/schema\/logo\/image\/"},"sameAs":["https:\/\/www.facebook.com\/Campinglegaranel\/"]}]}},"_links":{"self":[{"href":"https:\/\/camping-garanel.fr\/es\/wp-json\/wp\/v2\/pages\/691","targetHints":{"allow":["GET"]}}],"collection":[{"href":"https:\/\/camping-garanel.fr\/es\/wp-json\/wp\/v2\/pages"}],"about":[{"href":"https:\/\/camping-garanel.fr\/es\/wp-json\/wp\/v2\/types\/page"}],"author":[{"embeddable":true,"href":"https:\/\/camping-garanel.fr\/es\/wp-json\/wp\/v2\/users\/4"}],"replies":[{"embeddable":true,"href":"https:\/\/camping-garanel.fr\/es\/wp-json\/wp\/v2\/comments?post=691"}],"version-history":[{"count":0,"href":"https:\/\/camping-garanel.fr\/es\/wp-json\/wp\/v2\/pages\/691\/revisions"}],"wp:attachment":[{"href":"https:\/\/camping-garanel.fr\/es\/wp-json\/wp\/v2\/media?parent=691"}],"curies":[{"name":"wp","href":"https:\/\/api.w.org\/{rel}","templated":true}]}}