{"id":2073,"date":"2024-01-19T22:24:12","date_gmt":"2024-01-19T22:24:12","guid":{"rendered":"https:\/\/camping-garanel.fr\/?page_id=2073"},"modified":"2024-01-19T22:26:02","modified_gmt":"2024-01-19T22:26:02","slug":"les-estivales","status":"publish","type":"page","link":"https:\/\/camping-garanel.fr\/nl\/les-estivales\/","title":{"rendered":"Les Estivales"},"content":{"rendered":"<div data-elementor-type=\"wp-page\" data-elementor-id=\"2073\" class=\"elementor elementor-2073\" data-elementor-post-type=\"page\">\n\t\t\t\t<div class=\"elementor-element elementor-element-380a071 e-flex e-con-boxed e-con e-parent\" data-id=\"380a071\" data-element_type=\"container\" data-e-type=\"container\">\n\t\t\t\t\t<div class=\"e-con-inner\">\n\t\t<div class=\"elementor-element elementor-element-142b9ea e-con-full e-flex e-con e-child\" data-id=\"142b9ea\" data-element_type=\"container\" data-e-type=\"container\">\n\t\t\t\t<div class=\"elementor-element elementor-element-7586819 elementor-widget elementor-widget-image\" data-id=\"7586819\" data-element_type=\"widget\" data-e-type=\"widget\" data-widget_type=\"image.default\">\n\t\t\t\t<div class=\"elementor-widget-container\">\n\t\t\t\t\t\t\t\t\t\t\t\t\t\t\t<img fetchpriority=\"high\" decoding=\"async\" width=\"567\" height=\"800\" src=\"https:\/\/camping-garanel.fr\/wp-content\/uploads\/2024\/01\/les-estivales.webp\" class=\"attachment-large size-large wp-image-2075\" alt=\"\" srcset=\"https:\/\/camping-garanel.fr\/wp-content\/uploads\/2024\/01\/les-estivales.webp 567w, https:\/\/camping-garanel.fr\/wp-content\/uploads\/2024\/01\/les-estivales-213x300.webp 213w\" sizes=\"(max-width: 567px) 100vw, 567px\" \/>\t\t\t\t\t\t\t\t\t\t\t\t\t\t\t<\/div>\n\t\t\t\t<\/div>\n\t\t\t\t<\/div>\n\t\t<div class=\"elementor-element elementor-element-a1452f1 e-con-full e-flex e-con e-child\" data-id=\"a1452f1\" data-element_type=\"container\" data-e-type=\"container\">\n\t\t\t\t<div class=\"elementor-element elementor-element-f713377 elementor-widget elementor-widget-text-editor\" data-id=\"f713377\" data-element_type=\"widget\" data-e-type=\"widget\" data-widget_type=\"text-editor.default\">\n\t\t\t\t<div class=\"elementor-widget-container\">\n\t\t\t\t\t\t\t\t\t<p><span style=\"font-weight: 400;\">Les Estivales\u00a0<\/span><\/p><p><span style=\"font-weight: 400;\">Les Estivales de Sommi\u00e8res sont un \u00e9v\u00e9nement incontournable pour les amateurs de vin, de gastronomie et de musique. Elles sont une occasion unique de d\u00e9couvrir les vins de la r\u00e9gion du Gard, ainsi que les produits typiques pr\u00e9sent\u00e9s par les producteurs locaux. Les visiteurs peuvent d\u00e9guster une grande vari\u00e9t\u00e9 de vins de l\u2019AOP Languedoc-Sommi\u00e8res, ainsi que des AOP Languedoc et diverses IGP des vignerons du territoire. Des produits du terroir sont \u00e9galement mis \u00e0 l\u2019honneur, pour accompagner agr\u00e9ablement vos d\u00e9gustations de vins, avec des assiettes \u201cestivales\u201d \u00e0 appr\u00e9cier sur place. <\/span><span style=\"font-weight: 400;\">Ces soir\u00e9es festives sont organis\u00e9es tout au long de juillet-ao\u00fbt, les lundis soir.\u00a0<\/span><span style=\"font-weight: 400;\">\u00a0<\/span><\/p><p>\u00a0<\/p><p><span style=\"font-weight: 400;\">Soir\u00e9es vigneronnes aux alentours<\/span><\/p><ul><li style=\"font-weight: 400;\" aria-level=\"1\"><span style=\"font-weight: 400;\">Les Jeudis de Salinelles (jeudis soir en juillet-ao\u00fbt)<\/span><\/li><li style=\"font-weight: 400;\" aria-level=\"1\"><span style=\"font-weight: 400;\">Les Ap\u00e9ros gourmands de Calvisson (vendredis soir en juillet-ao\u00fbt),<\/span><\/li><\/ul>\t\t\t\t\t\t\t\t<\/div>\n\t\t\t\t<\/div>\n\t\t\t\t<\/div>\n\t\t\t\t\t<\/div>\n\t\t\t\t<\/div>\n\t\t\t\t<\/div>","protected":false},"excerpt":{"rendered":"<p>Les Estivales\u00a0 Les Estivales de Sommi\u00e8res sont un \u00e9v\u00e9nement incontournable pour les amateurs de vin, de gastronomie et de musique. Elles sont une occasion unique de d\u00e9couvrir les vins de la r\u00e9gion du Gard, ainsi que les produits typiques pr\u00e9sent\u00e9s par les producteurs locaux. Les visiteurs peuvent d\u00e9guster une grande vari\u00e9t\u00e9 de vins de l\u2019AOP [&hellip;]<\/p>\n","protected":false},"author":4,"featured_media":0,"parent":0,"menu_order":0,"comment_status":"closed","ping_status":"closed","template":"","meta":{"footnotes":""},"class_list":["post-2073","page","type-page","status-publish","hentry","travel-monster-post","no-post-thumbnail","latest_post"],"yoast_head":"<!-- This site is optimized with the Yoast SEO plugin v27.6 - https:\/\/yoast.com\/product\/yoast-seo-wordpress\/ -->\n<title>Les Estivales - Camping le Garanel ***<\/title>\n<meta name=\"robots\" content=\"index, follow, max-snippet:-1, max-image-preview:large, max-video-preview:-1\" \/>\n<link rel=\"canonical\" href=\"https:\/\/camping-garanel.fr\/nl\/les-estivales\/\" \/>\n<meta property=\"og:locale\" content=\"nl_NL\" \/>\n<meta property=\"og:type\" content=\"article\" \/>\n<meta property=\"og:title\" content=\"Les Estivales - Camping le Garanel ***\" \/>\n<meta property=\"og:description\" content=\"Les Estivales\u00a0 Les Estivales de Sommi\u00e8res sont un \u00e9v\u00e9nement incontournable pour les amateurs de vin, de gastronomie et de musique. Elles sont une occasion unique de d\u00e9couvrir les vins de la r\u00e9gion du Gard, ainsi que les produits typiques pr\u00e9sent\u00e9s par les producteurs locaux. Les visiteurs peuvent d\u00e9guster une grande vari\u00e9t\u00e9 de vins de l\u2019AOP [&hellip;]\" \/>\n<meta property=\"og:url\" content=\"https:\/\/camping-garanel.fr\/nl\/les-estivales\/\" \/>\n<meta property=\"og:site_name\" content=\"Camping le Garanel ***\" \/>\n<meta property=\"article:publisher\" content=\"https:\/\/www.facebook.com\/Campinglegaranel\/\" \/>\n<meta property=\"article:modified_time\" content=\"2024-01-19T22:26:02+00:00\" \/>\n<meta property=\"og:image\" content=\"https:\/\/camping-garanel.fr\/wp-content\/uploads\/2024\/01\/les-estivales.webp\" \/>\n<meta name=\"twitter:card\" content=\"summary_large_image\" \/>\n<meta name=\"twitter:label1\" content=\"Geschatte leestijd\" \/>\n\t<meta name=\"twitter:data1\" content=\"1 minuut\" \/>\n<script type=\"application\/ld+json\" class=\"yoast-schema-graph\">{\"@context\":\"https:\\\/\\\/schema.org\",\"@graph\":[{\"@type\":\"WebPage\",\"@id\":\"https:\\\/\\\/camping-garanel.fr\\\/les-estivales\\\/\",\"url\":\"https:\\\/\\\/camping-garanel.fr\\\/les-estivales\\\/\",\"name\":\"Les Estivales - Camping le Garanel ***\",\"isPartOf\":{\"@id\":\"https:\\\/\\\/camping-garanel.fr\\\/#website\"},\"primaryImageOfPage\":{\"@id\":\"https:\\\/\\\/camping-garanel.fr\\\/les-estivales\\\/#primaryimage\"},\"image\":{\"@id\":\"https:\\\/\\\/camping-garanel.fr\\\/les-estivales\\\/#primaryimage\"},\"thumbnailUrl\":\"https:\\\/\\\/camping-garanel.fr\\\/wp-content\\\/uploads\\\/2024\\\/01\\\/les-estivales.webp\",\"datePublished\":\"2024-01-19T22:24:12+00:00\",\"dateModified\":\"2024-01-19T22:26:02+00:00\",\"breadcrumb\":{\"@id\":\"https:\\\/\\\/camping-garanel.fr\\\/les-estivales\\\/#breadcrumb\"},\"inLanguage\":\"nl-NL\",\"potentialAction\":[{\"@type\":\"ReadAction\",\"target\":[\"https:\\\/\\\/camping-garanel.fr\\\/les-estivales\\\/\"]}]},{\"@type\":\"ImageObject\",\"inLanguage\":\"nl-NL\",\"@id\":\"https:\\\/\\\/camping-garanel.fr\\\/les-estivales\\\/#primaryimage\",\"url\":\"https:\\\/\\\/camping-garanel.fr\\\/wp-content\\\/uploads\\\/2024\\\/01\\\/les-estivales.webp\",\"contentUrl\":\"https:\\\/\\\/camping-garanel.fr\\\/wp-content\\\/uploads\\\/2024\\\/01\\\/les-estivales.webp\"},{\"@type\":\"BreadcrumbList\",\"@id\":\"https:\\\/\\\/camping-garanel.fr\\\/les-estivales\\\/#breadcrumb\",\"itemListElement\":[{\"@type\":\"ListItem\",\"position\":1,\"name\":\"Accueil\",\"item\":\"https:\\\/\\\/camping-garanel.fr\\\/\"},{\"@type\":\"ListItem\",\"position\":2,\"name\":\"Les Estivales\"}]},{\"@type\":\"WebSite\",\"@id\":\"https:\\\/\\\/camping-garanel.fr\\\/#website\",\"url\":\"https:\\\/\\\/camping-garanel.fr\\\/\",\"name\":\"Camping le Garanel\",\"description\":\"Partez en camping 3 \u00e9toiles \u00e0 Sommi\u00e8res dans le Gard. Venez d\u00e9couvrir oasis de verdure \u00e0 quelques pas  du centre ville entre N\u00eemes et Montpellier\",\"publisher\":{\"@id\":\"https:\\\/\\\/camping-garanel.fr\\\/#organization\"},\"potentialAction\":[{\"@type\":\"SearchAction\",\"target\":{\"@type\":\"EntryPoint\",\"urlTemplate\":\"https:\\\/\\\/camping-garanel.fr\\\/?s={search_term_string}\"},\"query-input\":{\"@type\":\"PropertyValueSpecification\",\"valueRequired\":true,\"valueName\":\"search_term_string\"}}],\"inLanguage\":\"nl-NL\"},{\"@type\":\"Organization\",\"@id\":\"https:\\\/\\\/camping-garanel.fr\\\/#organization\",\"name\":\"Camping le Garanel\",\"url\":\"https:\\\/\\\/camping-garanel.fr\\\/\",\"logo\":{\"@type\":\"ImageObject\",\"inLanguage\":\"nl-NL\",\"@id\":\"https:\\\/\\\/camping-garanel.fr\\\/#\\\/schema\\\/logo\\\/image\\\/\",\"url\":\"https:\\\/\\\/camping-garanel.fr\\\/wp-content\\\/uploads\\\/2023\\\/08\\\/LOGO-3-ETOILES.jpg\",\"contentUrl\":\"https:\\\/\\\/camping-garanel.fr\\\/wp-content\\\/uploads\\\/2023\\\/08\\\/LOGO-3-ETOILES.jpg\",\"width\":1125,\"height\":855,\"caption\":\"Camping le Garanel\"},\"image\":{\"@id\":\"https:\\\/\\\/camping-garanel.fr\\\/#\\\/schema\\\/logo\\\/image\\\/\"},\"sameAs\":[\"https:\\\/\\\/www.facebook.com\\\/Campinglegaranel\\\/\"]}]}<\/script>\n<!-- \/ Yoast SEO plugin. -->","yoast_head_json":{"title":"Les Estivales - Camping le Garanel ***","robots":{"index":"index","follow":"follow","max-snippet":"max-snippet:-1","max-image-preview":"max-image-preview:large","max-video-preview":"max-video-preview:-1"},"canonical":"https:\/\/camping-garanel.fr\/nl\/les-estivales\/","og_locale":"nl_NL","og_type":"article","og_title":"Les Estivales - Camping le Garanel ***","og_description":"Les Estivales\u00a0 Les Estivales de Sommi\u00e8res sont un \u00e9v\u00e9nement incontournable pour les amateurs de vin, de gastronomie et de musique. Elles sont une occasion unique de d\u00e9couvrir les vins de la r\u00e9gion du Gard, ainsi que les produits typiques pr\u00e9sent\u00e9s par les producteurs locaux. Les visiteurs peuvent d\u00e9guster une grande vari\u00e9t\u00e9 de vins de l\u2019AOP [&hellip;]","og_url":"https:\/\/camping-garanel.fr\/nl\/les-estivales\/","og_site_name":"Camping le Garanel ***","article_publisher":"https:\/\/www.facebook.com\/Campinglegaranel\/","article_modified_time":"2024-01-19T22:26:02+00:00","og_image":[{"url":"https:\/\/camping-garanel.fr\/wp-content\/uploads\/2024\/01\/les-estivales.webp","type":"","width":"","height":""}],"twitter_card":"summary_large_image","twitter_misc":{"Geschatte leestijd":"1 minuut"},"schema":{"@context":"https:\/\/schema.org","@graph":[{"@type":"WebPage","@id":"https:\/\/camping-garanel.fr\/les-estivales\/","url":"https:\/\/camping-garanel.fr\/les-estivales\/","name":"Les Estivales - Camping le Garanel ***","isPartOf":{"@id":"https:\/\/camping-garanel.fr\/#website"},"primaryImageOfPage":{"@id":"https:\/\/camping-garanel.fr\/les-estivales\/#primaryimage"},"image":{"@id":"https:\/\/camping-garanel.fr\/les-estivales\/#primaryimage"},"thumbnailUrl":"https:\/\/camping-garanel.fr\/wp-content\/uploads\/2024\/01\/les-estivales.webp","datePublished":"2024-01-19T22:24:12+00:00","dateModified":"2024-01-19T22:26:02+00:00","breadcrumb":{"@id":"https:\/\/camping-garanel.fr\/les-estivales\/#breadcrumb"},"inLanguage":"nl-NL","potentialAction":[{"@type":"ReadAction","target":["https:\/\/camping-garanel.fr\/les-estivales\/"]}]},{"@type":"ImageObject","inLanguage":"nl-NL","@id":"https:\/\/camping-garanel.fr\/les-estivales\/#primaryimage","url":"https:\/\/camping-garanel.fr\/wp-content\/uploads\/2024\/01\/les-estivales.webp","contentUrl":"https:\/\/camping-garanel.fr\/wp-content\/uploads\/2024\/01\/les-estivales.webp"},{"@type":"BreadcrumbList","@id":"https:\/\/camping-garanel.fr\/les-estivales\/#breadcrumb","itemListElement":[{"@type":"ListItem","position":1,"name":"Accueil","item":"https:\/\/camping-garanel.fr\/"},{"@type":"ListItem","position":2,"name":"Les Estivales"}]},{"@type":"WebSite","@id":"https:\/\/camping-garanel.fr\/#website","url":"https:\/\/camping-garanel.fr\/","name":"Camping le Garanel","description":"Partez en camping 3 \u00e9toiles \u00e0 Sommi\u00e8res dans le Gard. Venez d\u00e9couvrir oasis de verdure \u00e0 quelques pas  du centre ville entre N\u00eemes et Montpellier","publisher":{"@id":"https:\/\/camping-garanel.fr\/#organization"},"potentialAction":[{"@type":"SearchAction","target":{"@type":"EntryPoint","urlTemplate":"https:\/\/camping-garanel.fr\/?s={search_term_string}"},"query-input":{"@type":"PropertyValueSpecification","valueRequired":true,"valueName":"search_term_string"}}],"inLanguage":"nl-NL"},{"@type":"Organization","@id":"https:\/\/camping-garanel.fr\/#organization","name":"Camping le Garanel","url":"https:\/\/camping-garanel.fr\/","logo":{"@type":"ImageObject","inLanguage":"nl-NL","@id":"https:\/\/camping-garanel.fr\/#\/schema\/logo\/image\/","url":"https:\/\/camping-garanel.fr\/wp-content\/uploads\/2023\/08\/LOGO-3-ETOILES.jpg","contentUrl":"https:\/\/camping-garanel.fr\/wp-content\/uploads\/2023\/08\/LOGO-3-ETOILES.jpg","width":1125,"height":855,"caption":"Camping le Garanel"},"image":{"@id":"https:\/\/camping-garanel.fr\/#\/schema\/logo\/image\/"},"sameAs":["https:\/\/www.facebook.com\/Campinglegaranel\/"]}]}},"_links":{"self":[{"href":"https:\/\/camping-garanel.fr\/nl\/wp-json\/wp\/v2\/pages\/2073","targetHints":{"allow":["GET"]}}],"collection":[{"href":"https:\/\/camping-garanel.fr\/nl\/wp-json\/wp\/v2\/pages"}],"about":[{"href":"https:\/\/camping-garanel.fr\/nl\/wp-json\/wp\/v2\/types\/page"}],"author":[{"embeddable":true,"href":"https:\/\/camping-garanel.fr\/nl\/wp-json\/wp\/v2\/users\/4"}],"replies":[{"embeddable":true,"href":"https:\/\/camping-garanel.fr\/nl\/wp-json\/wp\/v2\/comments?post=2073"}],"version-history":[{"count":4,"href":"https:\/\/camping-garanel.fr\/nl\/wp-json\/wp\/v2\/pages\/2073\/revisions"}],"predecessor-version":[{"id":2078,"href":"https:\/\/camping-garanel.fr\/nl\/wp-json\/wp\/v2\/pages\/2073\/revisions\/2078"}],"wp:attachment":[{"href":"https:\/\/camping-garanel.fr\/nl\/wp-json\/wp\/v2\/media?parent=2073"}],"curies":[{"name":"wp","href":"https:\/\/api.w.org\/{rel}","templated":true}]}}