{"id":2079,"date":"2024-01-19T22:30:13","date_gmt":"2024-01-19T22:30:13","guid":{"rendered":"https:\/\/camping-garanel.fr\/?page_id=2079"},"modified":"2024-01-19T22:31:57","modified_gmt":"2024-01-19T22:31:57","slug":"festival-cine-jazz","status":"publish","type":"page","link":"https:\/\/camping-garanel.fr\/nl\/festival-cine-jazz\/","title":{"rendered":"Festival cin\u00e9 jazz"},"content":{"rendered":"<div data-elementor-type=\"wp-page\" data-elementor-id=\"2079\" class=\"elementor elementor-2079\" data-elementor-post-type=\"page\">\n\t\t\t\t<div class=\"elementor-element elementor-element-66b964a e-flex e-con-boxed e-con e-parent\" data-id=\"66b964a\" data-element_type=\"container\" data-e-type=\"container\">\n\t\t\t\t\t<div class=\"e-con-inner\">\n\t\t<div class=\"elementor-element elementor-element-4289a05 e-con-full e-flex e-con e-child\" data-id=\"4289a05\" data-element_type=\"container\" data-e-type=\"container\">\n\t\t\t\t<div class=\"elementor-element elementor-element-6b3779a elementor-widget elementor-widget-image\" data-id=\"6b3779a\" data-element_type=\"widget\" data-e-type=\"widget\" data-widget_type=\"image.default\">\n\t\t\t\t<div class=\"elementor-widget-container\">\n\t\t\t\t\t\t\t\t\t\t\t\t\t\t\t<img fetchpriority=\"high\" decoding=\"async\" width=\"563\" height=\"880\" src=\"https:\/\/camping-garanel.fr\/wp-content\/uploads\/2024\/01\/cine-jazz.webp\" class=\"attachment-large size-large wp-image-2080\" alt=\"\" srcset=\"https:\/\/camping-garanel.fr\/wp-content\/uploads\/2024\/01\/cine-jazz.webp 563w, https:\/\/camping-garanel.fr\/wp-content\/uploads\/2024\/01\/cine-jazz-192x300.webp 192w\" sizes=\"(max-width: 563px) 100vw, 563px\" \/>\t\t\t\t\t\t\t\t\t\t\t\t\t\t\t<\/div>\n\t\t\t\t<\/div>\n\t\t\t\t<\/div>\n\t\t<div class=\"elementor-element elementor-element-1c665e7 e-con-full e-flex e-con e-child\" data-id=\"1c665e7\" data-element_type=\"container\" data-e-type=\"container\">\n\t\t\t\t<div class=\"elementor-element elementor-element-51ae39d elementor-widget elementor-widget-text-editor\" data-id=\"51ae39d\" data-element_type=\"widget\" data-e-type=\"widget\" data-widget_type=\"text-editor.default\">\n\t\t\t\t<div class=\"elementor-widget-container\">\n\t\t\t\t\t\t\t\t\t<p><span style=\"font-weight: 400;\">Le Camping Le Garanel est situ\u00e9 \u00e0 seulement 600m du Ch\u00e2teau de Sommi\u00e8res, il serait dommage de passer \u00e0 c\u00f4t\u00e9 du Festival Cin\u00e9 Jazz \u00e0 la Tour sans s\u2019y arr\u00eater\u00a0! <\/span><span style=\"font-weight: 400;\">C\u2019est l\u2019occasion de\u00a0 danser ou de s&rsquo;installer confortablement dans une chaise longue pour profiter d\u2019un spectacle unique.<\/span><\/p><p><span style=\"font-weight: 400;\">Cin\u00e9 Jazz \u00e0 la Tour, festival en plein air, oppose trois soir\u00e9es de concerts et de projections de films dans la cour du ch\u00e2teau de Sommi\u00e8res, un monument historique du XIe si\u00e8cle. <\/span><span style=\"font-weight: 400;\">La tour Bermond, embl\u00e8me de la ville, se transformera en fond de sc\u00e8ne pour les concerts et en majestueux \u00e9crans de projection pour les films.<\/span><\/p><p><span style=\"font-weight: 400;\">\u00a0Le festival m\u00eale les genres et les \u00e9poques, en faisant dialoguer le jazz et le cin\u00e9ma, deux formes d\u2019art qui ont souvent \u00e9t\u00e9 li\u00e9es. Le festival accueille des artistes locaux, nationaux et internationaux, qui offrent au public des performances vari\u00e9es et de qualit\u00e9.\u00a0<\/span><\/p><p><span style=\"font-weight: 400;\">Chaque soir, une animation artistique, restauration, bar et d\u00e9gustation de vins locaux est propos\u00e9e aux spectateurs.\u00a0<\/span><\/p><p><span style=\"font-weight: 400;\">\u00a0Ne manquez pas cet \u00e9v\u00e9nement exceptionnel qui vous transportera dans un univers artistique unique.<\/span><\/p>\t\t\t\t\t\t\t\t<\/div>\n\t\t\t\t<\/div>\n\t\t\t\t<\/div>\n\t\t\t\t\t<\/div>\n\t\t\t\t<\/div>\n\t\t\t\t<\/div>","protected":false},"excerpt":{"rendered":"<p>Le Camping Le Garanel est situ\u00e9 \u00e0 seulement 600m du Ch\u00e2teau de Sommi\u00e8res, il serait dommage de passer \u00e0 c\u00f4t\u00e9 du Festival Cin\u00e9 Jazz \u00e0 la Tour sans s\u2019y arr\u00eater\u00a0! C\u2019est l\u2019occasion de\u00a0 danser ou de s&rsquo;installer confortablement dans une chaise longue pour profiter d\u2019un spectacle unique. Cin\u00e9 Jazz \u00e0 la Tour, festival en plein [&hellip;]<\/p>\n","protected":false},"author":4,"featured_media":0,"parent":0,"menu_order":0,"comment_status":"closed","ping_status":"closed","template":"","meta":{"footnotes":""},"class_list":["post-2079","page","type-page","status-publish","hentry","travel-monster-post","no-post-thumbnail","latest_post"],"yoast_head":"<!-- This site is optimized with the Yoast SEO plugin v27.6 - https:\/\/yoast.com\/product\/yoast-seo-wordpress\/ -->\n<title>Festival cin\u00e9 jazz - Camping le Garanel ***<\/title>\n<meta name=\"robots\" content=\"index, follow, max-snippet:-1, max-image-preview:large, max-video-preview:-1\" \/>\n<link rel=\"canonical\" href=\"https:\/\/camping-garanel.fr\/nl\/festival-cine-jazz\/\" \/>\n<meta property=\"og:locale\" content=\"nl_NL\" \/>\n<meta property=\"og:type\" content=\"article\" \/>\n<meta property=\"og:title\" content=\"Festival cin\u00e9 jazz - Camping le Garanel ***\" \/>\n<meta property=\"og:description\" content=\"Le Camping Le Garanel est situ\u00e9 \u00e0 seulement 600m du Ch\u00e2teau de Sommi\u00e8res, il serait dommage de passer \u00e0 c\u00f4t\u00e9 du Festival Cin\u00e9 Jazz \u00e0 la Tour sans s\u2019y arr\u00eater\u00a0! C\u2019est l\u2019occasion de\u00a0 danser ou de s&rsquo;installer confortablement dans une chaise longue pour profiter d\u2019un spectacle unique. Cin\u00e9 Jazz \u00e0 la Tour, festival en plein [&hellip;]\" \/>\n<meta property=\"og:url\" content=\"https:\/\/camping-garanel.fr\/nl\/festival-cine-jazz\/\" \/>\n<meta property=\"og:site_name\" content=\"Camping le Garanel ***\" \/>\n<meta property=\"article:publisher\" content=\"https:\/\/www.facebook.com\/Campinglegaranel\/\" \/>\n<meta property=\"article:modified_time\" content=\"2024-01-19T22:31:57+00:00\" \/>\n<meta property=\"og:image\" content=\"https:\/\/camping-garanel.fr\/wp-content\/uploads\/2024\/01\/cine-jazz.webp\" \/>\n<meta name=\"twitter:card\" content=\"summary_large_image\" \/>\n<meta name=\"twitter:label1\" content=\"Geschatte leestijd\" \/>\n\t<meta name=\"twitter:data1\" content=\"1 minuut\" \/>\n<script type=\"application\/ld+json\" class=\"yoast-schema-graph\">{\"@context\":\"https:\\\/\\\/schema.org\",\"@graph\":[{\"@type\":\"WebPage\",\"@id\":\"https:\\\/\\\/camping-garanel.fr\\\/festival-cine-jazz\\\/\",\"url\":\"https:\\\/\\\/camping-garanel.fr\\\/festival-cine-jazz\\\/\",\"name\":\"Festival cin\u00e9 jazz - Camping le Garanel ***\",\"isPartOf\":{\"@id\":\"https:\\\/\\\/camping-garanel.fr\\\/#website\"},\"primaryImageOfPage\":{\"@id\":\"https:\\\/\\\/camping-garanel.fr\\\/festival-cine-jazz\\\/#primaryimage\"},\"image\":{\"@id\":\"https:\\\/\\\/camping-garanel.fr\\\/festival-cine-jazz\\\/#primaryimage\"},\"thumbnailUrl\":\"https:\\\/\\\/camping-garanel.fr\\\/wp-content\\\/uploads\\\/2024\\\/01\\\/cine-jazz.webp\",\"datePublished\":\"2024-01-19T22:30:13+00:00\",\"dateModified\":\"2024-01-19T22:31:57+00:00\",\"breadcrumb\":{\"@id\":\"https:\\\/\\\/camping-garanel.fr\\\/festival-cine-jazz\\\/#breadcrumb\"},\"inLanguage\":\"nl-NL\",\"potentialAction\":[{\"@type\":\"ReadAction\",\"target\":[\"https:\\\/\\\/camping-garanel.fr\\\/festival-cine-jazz\\\/\"]}]},{\"@type\":\"ImageObject\",\"inLanguage\":\"nl-NL\",\"@id\":\"https:\\\/\\\/camping-garanel.fr\\\/festival-cine-jazz\\\/#primaryimage\",\"url\":\"https:\\\/\\\/camping-garanel.fr\\\/wp-content\\\/uploads\\\/2024\\\/01\\\/cine-jazz.webp\",\"contentUrl\":\"https:\\\/\\\/camping-garanel.fr\\\/wp-content\\\/uploads\\\/2024\\\/01\\\/cine-jazz.webp\"},{\"@type\":\"BreadcrumbList\",\"@id\":\"https:\\\/\\\/camping-garanel.fr\\\/festival-cine-jazz\\\/#breadcrumb\",\"itemListElement\":[{\"@type\":\"ListItem\",\"position\":1,\"name\":\"Accueil\",\"item\":\"https:\\\/\\\/camping-garanel.fr\\\/\"},{\"@type\":\"ListItem\",\"position\":2,\"name\":\"Festival cin\u00e9 jazz\"}]},{\"@type\":\"WebSite\",\"@id\":\"https:\\\/\\\/camping-garanel.fr\\\/#website\",\"url\":\"https:\\\/\\\/camping-garanel.fr\\\/\",\"name\":\"Camping le Garanel\",\"description\":\"Partez en camping 3 \u00e9toiles \u00e0 Sommi\u00e8res dans le Gard. Venez d\u00e9couvrir oasis de verdure \u00e0 quelques pas  du centre ville entre N\u00eemes et Montpellier\",\"publisher\":{\"@id\":\"https:\\\/\\\/camping-garanel.fr\\\/#organization\"},\"potentialAction\":[{\"@type\":\"SearchAction\",\"target\":{\"@type\":\"EntryPoint\",\"urlTemplate\":\"https:\\\/\\\/camping-garanel.fr\\\/?s={search_term_string}\"},\"query-input\":{\"@type\":\"PropertyValueSpecification\",\"valueRequired\":true,\"valueName\":\"search_term_string\"}}],\"inLanguage\":\"nl-NL\"},{\"@type\":\"Organization\",\"@id\":\"https:\\\/\\\/camping-garanel.fr\\\/#organization\",\"name\":\"Camping le Garanel\",\"url\":\"https:\\\/\\\/camping-garanel.fr\\\/\",\"logo\":{\"@type\":\"ImageObject\",\"inLanguage\":\"nl-NL\",\"@id\":\"https:\\\/\\\/camping-garanel.fr\\\/#\\\/schema\\\/logo\\\/image\\\/\",\"url\":\"https:\\\/\\\/camping-garanel.fr\\\/wp-content\\\/uploads\\\/2023\\\/08\\\/LOGO-3-ETOILES.jpg\",\"contentUrl\":\"https:\\\/\\\/camping-garanel.fr\\\/wp-content\\\/uploads\\\/2023\\\/08\\\/LOGO-3-ETOILES.jpg\",\"width\":1125,\"height\":855,\"caption\":\"Camping le Garanel\"},\"image\":{\"@id\":\"https:\\\/\\\/camping-garanel.fr\\\/#\\\/schema\\\/logo\\\/image\\\/\"},\"sameAs\":[\"https:\\\/\\\/www.facebook.com\\\/Campinglegaranel\\\/\"]}]}<\/script>\n<!-- \/ Yoast SEO plugin. -->","yoast_head_json":{"title":"Festival cin\u00e9 jazz - Camping le Garanel ***","robots":{"index":"index","follow":"follow","max-snippet":"max-snippet:-1","max-image-preview":"max-image-preview:large","max-video-preview":"max-video-preview:-1"},"canonical":"https:\/\/camping-garanel.fr\/nl\/festival-cine-jazz\/","og_locale":"nl_NL","og_type":"article","og_title":"Festival cin\u00e9 jazz - Camping le Garanel ***","og_description":"Le Camping Le Garanel est situ\u00e9 \u00e0 seulement 600m du Ch\u00e2teau de Sommi\u00e8res, il serait dommage de passer \u00e0 c\u00f4t\u00e9 du Festival Cin\u00e9 Jazz \u00e0 la Tour sans s\u2019y arr\u00eater\u00a0! C\u2019est l\u2019occasion de\u00a0 danser ou de s&rsquo;installer confortablement dans une chaise longue pour profiter d\u2019un spectacle unique. Cin\u00e9 Jazz \u00e0 la Tour, festival en plein [&hellip;]","og_url":"https:\/\/camping-garanel.fr\/nl\/festival-cine-jazz\/","og_site_name":"Camping le Garanel ***","article_publisher":"https:\/\/www.facebook.com\/Campinglegaranel\/","article_modified_time":"2024-01-19T22:31:57+00:00","og_image":[{"url":"https:\/\/camping-garanel.fr\/wp-content\/uploads\/2024\/01\/cine-jazz.webp","type":"","width":"","height":""}],"twitter_card":"summary_large_image","twitter_misc":{"Geschatte leestijd":"1 minuut"},"schema":{"@context":"https:\/\/schema.org","@graph":[{"@type":"WebPage","@id":"https:\/\/camping-garanel.fr\/festival-cine-jazz\/","url":"https:\/\/camping-garanel.fr\/festival-cine-jazz\/","name":"Festival cin\u00e9 jazz - Camping le Garanel ***","isPartOf":{"@id":"https:\/\/camping-garanel.fr\/#website"},"primaryImageOfPage":{"@id":"https:\/\/camping-garanel.fr\/festival-cine-jazz\/#primaryimage"},"image":{"@id":"https:\/\/camping-garanel.fr\/festival-cine-jazz\/#primaryimage"},"thumbnailUrl":"https:\/\/camping-garanel.fr\/wp-content\/uploads\/2024\/01\/cine-jazz.webp","datePublished":"2024-01-19T22:30:13+00:00","dateModified":"2024-01-19T22:31:57+00:00","breadcrumb":{"@id":"https:\/\/camping-garanel.fr\/festival-cine-jazz\/#breadcrumb"},"inLanguage":"nl-NL","potentialAction":[{"@type":"ReadAction","target":["https:\/\/camping-garanel.fr\/festival-cine-jazz\/"]}]},{"@type":"ImageObject","inLanguage":"nl-NL","@id":"https:\/\/camping-garanel.fr\/festival-cine-jazz\/#primaryimage","url":"https:\/\/camping-garanel.fr\/wp-content\/uploads\/2024\/01\/cine-jazz.webp","contentUrl":"https:\/\/camping-garanel.fr\/wp-content\/uploads\/2024\/01\/cine-jazz.webp"},{"@type":"BreadcrumbList","@id":"https:\/\/camping-garanel.fr\/festival-cine-jazz\/#breadcrumb","itemListElement":[{"@type":"ListItem","position":1,"name":"Accueil","item":"https:\/\/camping-garanel.fr\/"},{"@type":"ListItem","position":2,"name":"Festival cin\u00e9 jazz"}]},{"@type":"WebSite","@id":"https:\/\/camping-garanel.fr\/#website","url":"https:\/\/camping-garanel.fr\/","name":"Camping le Garanel","description":"Partez en camping 3 \u00e9toiles \u00e0 Sommi\u00e8res dans le Gard. Venez d\u00e9couvrir oasis de verdure \u00e0 quelques pas  du centre ville entre N\u00eemes et Montpellier","publisher":{"@id":"https:\/\/camping-garanel.fr\/#organization"},"potentialAction":[{"@type":"SearchAction","target":{"@type":"EntryPoint","urlTemplate":"https:\/\/camping-garanel.fr\/?s={search_term_string}"},"query-input":{"@type":"PropertyValueSpecification","valueRequired":true,"valueName":"search_term_string"}}],"inLanguage":"nl-NL"},{"@type":"Organization","@id":"https:\/\/camping-garanel.fr\/#organization","name":"Camping le Garanel","url":"https:\/\/camping-garanel.fr\/","logo":{"@type":"ImageObject","inLanguage":"nl-NL","@id":"https:\/\/camping-garanel.fr\/#\/schema\/logo\/image\/","url":"https:\/\/camping-garanel.fr\/wp-content\/uploads\/2023\/08\/LOGO-3-ETOILES.jpg","contentUrl":"https:\/\/camping-garanel.fr\/wp-content\/uploads\/2023\/08\/LOGO-3-ETOILES.jpg","width":1125,"height":855,"caption":"Camping le Garanel"},"image":{"@id":"https:\/\/camping-garanel.fr\/#\/schema\/logo\/image\/"},"sameAs":["https:\/\/www.facebook.com\/Campinglegaranel\/"]}]}},"_links":{"self":[{"href":"https:\/\/camping-garanel.fr\/nl\/wp-json\/wp\/v2\/pages\/2079","targetHints":{"allow":["GET"]}}],"collection":[{"href":"https:\/\/camping-garanel.fr\/nl\/wp-json\/wp\/v2\/pages"}],"about":[{"href":"https:\/\/camping-garanel.fr\/nl\/wp-json\/wp\/v2\/types\/page"}],"author":[{"embeddable":true,"href":"https:\/\/camping-garanel.fr\/nl\/wp-json\/wp\/v2\/users\/4"}],"replies":[{"embeddable":true,"href":"https:\/\/camping-garanel.fr\/nl\/wp-json\/wp\/v2\/comments?post=2079"}],"version-history":[{"count":3,"href":"https:\/\/camping-garanel.fr\/nl\/wp-json\/wp\/v2\/pages\/2079\/revisions"}],"predecessor-version":[{"id":2083,"href":"https:\/\/camping-garanel.fr\/nl\/wp-json\/wp\/v2\/pages\/2079\/revisions\/2083"}],"wp:attachment":[{"href":"https:\/\/camping-garanel.fr\/nl\/wp-json\/wp\/v2\/media?parent=2079"}],"curies":[{"name":"wp","href":"https:\/\/api.w.org\/{rel}","templated":true}]}}